{"id":40,"date":"2020-03-17T06:56:45","date_gmt":"2020-03-17T06:56:45","guid":{"rendered":"https:\/\/blogit.lab.fi\/design\/?page_id=40"},"modified":"2020-03-23T13:04:14","modified_gmt":"2020-03-23T13:04:14","slug":"kirjoittajaohje","status":"publish","type":"page","link":"https:\/\/blogit.lab.fi\/design\/kirjoittajaohje\/","title":{"rendered":"Kirjoittajaohje"},"content":{"rendered":"\n<p><strong>Haluatko kirjoittaa design-blogiin?<\/strong><\/p>\n\n\n\n<p>Tutustu<strong>\u00a0<a href=\"https:\/\/blogit.lab.fi\/design\/wp-content\/uploads\/sites\/5\/2020\/03\/ohjeet-kirjoittajalle.pdf\">kirjoittajaohjeeseen<\/a><\/strong>, josta l\u00f6yd\u00e4t my\u00f6s esimerkkej\u00e4.\u00a0<a href=\"https:\/\/blogit.lab.fi\/design\/toimituskunta\/\"><strong>Toimituskunta<\/strong><\/a>\u00a0tarkastaa tekstit ennen julkaisua\u00a0<a href=\"https:\/\/blogit.lab.fi\/design\/wp-content\/uploads\/sites\/5\/2020\/03\/Arviointiohje_design_.pdf\" target=\"_blank\" rel=\"noreferrer noopener\" aria-label=\" (avautuu uudessa v\u00e4lilehdess\u00e4)\"><strong>arviointiohjeen<\/strong><\/a>\u00a0mukaan.<\/p>\n\n\n\n<p><strong>Pikaohjeet:<\/strong><\/p>\n\n\n\n<ul class=\"wp-block-list\"><li>Tekstin pituus: max. 3500 merkki\u00e4&nbsp;<\/li><li>Otsikot: keksi tekstille&nbsp;yl\u00e4otsikko ja 1-3 alaotsikkoa<\/li><li>Kuvat: toimita tekstin mukana&nbsp;1-3 kuvaa (v\u00e4hint\u00e4\u00e4n 1, alkuper\u00e4isi\u00e4, 1280 x 640 pikseli\u00e4), joiden k\u00e4ytt\u00f6\u00f6n sinulla on lupa<\/li><li>Kuvatekstit: kerro, miten kuva&nbsp;liittyy tekstiin, lis\u00e4\u00e4 kuvaajan nimi<\/li><li>Kirjoittajakuvaus: merkitse loppuun kirjoittajan nimi sek\u00e4 1-2 lausetta henkil\u00f6n liittymisest\u00e4 tekstin sis\u00e4lt\u00f6\u00f6n<\/li><li>L\u00e4het\u00e4 teksti:&nbsp;design[@]lab.fi<\/li><\/ul>\n\n\n\n<p> Vinkkej\u00e4 blogin kirjoittamiseen l\u00f6yd\u00e4t esimerkiksi t\u00e4\u00e4lt\u00e4: <a href=\"https:\/\/kaskasmedia.fi\/fi\/nain-kirjoitat-vetavan-blogitekstin-tutkimusaiheestasi\/\">https:\/\/kaskasmedia.fi\/fi\/nain-kirjoitat-vetavan-blogitekstin-tutkimusaiheestasi\/<\/a>  <\/p>\n","protected":false},"excerpt":{"rendered":"<p>Haluatko kirjoittaa design-blogiin? Tutustu\u00a0kirjoittajaohjeeseen, josta l\u00f6yd\u00e4t my\u00f6s esimerkkej\u00e4.\u00a0Toimituskunta\u00a0tarkastaa tekstit ennen julkaisua\u00a0arviointiohjeen\u00a0mukaan. Pikaohjeet: Tekstin pituus: max. 3500 merkki\u00e4&nbsp; Otsikot: keksi tekstille&nbsp;yl\u00e4otsikko ja 1-3 alaotsikkoa Kuvat: toimita tekstin mukana&nbsp;1-3 kuvaa (v\u00e4hint\u00e4\u00e4n 1, alkuper\u00e4isi\u00e4, 1280 x 640 pikseli\u00e4), joiden k\u00e4ytt\u00f6\u00f6n sinulla on lupa Kuvatekstit: kerro, miten kuva&nbsp;liittyy tekstiin, lis\u00e4\u00e4 kuvaajan nimi Kirjoittajakuvaus: merkitse loppuun kirjoittajan nimi sek\u00e4 1-2 [&hellip;]<\/p>\n","protected":false},"author":9,"featured_media":0,"parent":0,"menu_order":0,"comment_status":"closed","ping_status":"closed","template":"","meta":{"footnotes":""},"class_list":["post-40","page","type-page","status-publish","czr-hentry"],"_links":{"self":[{"href":"https:\/\/blogit.lab.fi\/design\/wp-json\/wp\/v2\/pages\/40","targetHints":{"allow":["GET"]}}],"collection":[{"href":"https:\/\/blogit.lab.fi\/design\/wp-json\/wp\/v2\/pages"}],"about":[{"href":"https:\/\/blogit.lab.fi\/design\/wp-json\/wp\/v2\/types\/page"}],"author":[{"embeddable":true,"href":"https:\/\/blogit.lab.fi\/design\/wp-json\/wp\/v2\/users\/9"}],"replies":[{"embeddable":true,"href":"https:\/\/blogit.lab.fi\/design\/wp-json\/wp\/v2\/comments?post=40"}],"version-history":[{"count":5,"href":"https:\/\/blogit.lab.fi\/design\/wp-json\/wp\/v2\/pages\/40\/revisions"}],"predecessor-version":[{"id":134,"href":"https:\/\/blogit.lab.fi\/design\/wp-json\/wp\/v2\/pages\/40\/revisions\/134"}],"wp:attachment":[{"href":"https:\/\/blogit.lab.fi\/design\/wp-json\/wp\/v2\/media?parent=40"}],"curies":[{"name":"wp","href":"https:\/\/api.w.org\/{rel}","templated":true}]}}