{"id":42,"date":"2020-03-17T06:57:03","date_gmt":"2020-03-17T06:57:03","guid":{"rendered":"https:\/\/blogit.lab.fi\/design\/?page_id=42"},"modified":"2020-03-23T13:03:46","modified_gmt":"2020-03-23T13:03:46","slug":"arviointiohje","status":"publish","type":"page","link":"https:\/\/blogit.lab.fi\/design\/arviointiohje\/","title":{"rendered":"Arviointiohje"},"content":{"rendered":"\n<p>Tekstien arviointiohjeen l\u00f6yd\u00e4t t\u00e4\u00e4lt\u00e4:\u00a0<strong><a href=\"https:\/\/blogit.lab.fi\/design\/wp-content\/uploads\/sites\/5\/2020\/03\/Arviointiohje_design_.pdf\">Arviointiohje<\/a><\/strong><\/p>\n\n\n\n<p>Blogissa julkaistujen artikkelien julkaisutyyppi on E1, poislukien mainokset, jotka julkaistaan tagilla \u201cvinkki\u201d.<\/p>\n\n\n\n<p>Ministeri\u00f6n julkaisutiedonkeruussa voi ilmoittaa blogi-kirjoituksen mik\u00e4li se t\u00e4ytt\u00e4\u00e4 seuraavat ehdot:<\/p>\n\n\n\n<ul class=\"wp-block-list\"><li>julkaisun tulee olla julkisesti kenen tahansa saatavilla<\/li><li>julkaisukanavalla tulee olla tekij\u00e4st\u00e4 riippumaton toimituskunta tai julkaisija, joka p\u00e4\u00e4tt\u00e4\u00e4 julkaisukanavalla julkaistavista julkaisuista<\/li><li>julkaisua ei ole aikaisemmin julkaistu tiedonkeruussa raportoitavassa muodossa<\/li><li>tekij\u00e4ll\u00e4 on yhteys organisaatioon<\/li><li>julkaisu perustuu tekij\u00e4n tutkimus- tai asiantuntijaty\u00f6h\u00f6n<\/li><\/ul>\n","protected":false},"excerpt":{"rendered":"<p>Tekstien arviointiohjeen l\u00f6yd\u00e4t t\u00e4\u00e4lt\u00e4:\u00a0Arviointiohje Blogissa julkaistujen artikkelien julkaisutyyppi on E1, poislukien mainokset, jotka julkaistaan tagilla \u201cvinkki\u201d. Ministeri\u00f6n julkaisutiedonkeruussa voi ilmoittaa blogi-kirjoituksen mik\u00e4li se t\u00e4ytt\u00e4\u00e4 seuraavat ehdot: julkaisun tulee olla julkisesti kenen tahansa saatavilla julkaisukanavalla tulee olla tekij\u00e4st\u00e4 riippumaton toimituskunta tai julkaisija, joka p\u00e4\u00e4tt\u00e4\u00e4 julkaisukanavalla julkaistavista julkaisuista julkaisua ei ole aikaisemmin julkaistu tiedonkeruussa raportoitavassa muodossa tekij\u00e4ll\u00e4 [&hellip;]<\/p>\n","protected":false},"author":9,"featured_media":0,"parent":0,"menu_order":0,"comment_status":"closed","ping_status":"closed","template":"","meta":{"footnotes":""},"class_list":["post-42","page","type-page","status-publish","czr-hentry"],"_links":{"self":[{"href":"https:\/\/blogit.lab.fi\/design\/wp-json\/wp\/v2\/pages\/42","targetHints":{"allow":["GET"]}}],"collection":[{"href":"https:\/\/blogit.lab.fi\/design\/wp-json\/wp\/v2\/pages"}],"about":[{"href":"https:\/\/blogit.lab.fi\/design\/wp-json\/wp\/v2\/types\/page"}],"author":[{"embeddable":true,"href":"https:\/\/blogit.lab.fi\/design\/wp-json\/wp\/v2\/users\/9"}],"replies":[{"embeddable":true,"href":"https:\/\/blogit.lab.fi\/design\/wp-json\/wp\/v2\/comments?post=42"}],"version-history":[{"count":3,"href":"https:\/\/blogit.lab.fi\/design\/wp-json\/wp\/v2\/pages\/42\/revisions"}],"predecessor-version":[{"id":132,"href":"https:\/\/blogit.lab.fi\/design\/wp-json\/wp\/v2\/pages\/42\/revisions\/132"}],"wp:attachment":[{"href":"https:\/\/blogit.lab.fi\/design\/wp-json\/wp\/v2\/media?parent=42"}],"curies":[{"name":"wp","href":"https:\/\/api.w.org\/{rel}","templated":true}]}}