{"id":44,"date":"2020-03-17T06:57:18","date_gmt":"2020-03-17T06:57:18","guid":{"rendered":"https:\/\/blogit.lab.fi\/design\/?page_id=44"},"modified":"2020-03-18T10:09:40","modified_gmt":"2020-03-18T10:09:40","slug":"toimituskunta","status":"publish","type":"page","link":"https:\/\/blogit.lab.fi\/design\/toimituskunta\/","title":{"rendered":"Toimituskunta"},"content":{"rendered":"\n<p>Design-blogin toimituskuntaan kuuluvat seuraavat j\u00e4senet:<\/p>\n\n\n\n<ul class=\"wp-block-list\"><li>Kristiina Soini-Salomaa, TKI-johtaja, Mi (p\u00e4\u00e4toimittaja)<\/li><li>Mirja K\u00e4lvi\u00e4inen, yliopettaja, Mi<\/li><li>Kati Kumpulainen, TKI-asiantuntija, Mi<\/li><li>Harri Heikkil\u00e4, yliopettaja visuaalinen viestint\u00e4, Mi<\/li><li>Anniina Harjap\u00e4\u00e4, projektisuunnittelija, Mi<\/li><\/ul>\n","protected":false},"excerpt":{"rendered":"<p>Design-blogin toimituskuntaan kuuluvat seuraavat j\u00e4senet: Kristiina Soini-Salomaa, TKI-johtaja, Mi (p\u00e4\u00e4toimittaja) Mirja K\u00e4lvi\u00e4inen, yliopettaja, Mi Kati Kumpulainen, TKI-asiantuntija, Mi Harri Heikkil\u00e4, yliopettaja visuaalinen viestint\u00e4, Mi Anniina Harjap\u00e4\u00e4, projektisuunnittelija, Mi<\/p>\n","protected":false},"author":9,"featured_media":0,"parent":0,"menu_order":0,"comment_status":"closed","ping_status":"closed","template":"","meta":{"footnotes":""},"class_list":["post-44","page","type-page","status-publish","czr-hentry"],"_links":{"self":[{"href":"https:\/\/blogit.lab.fi\/design\/wp-json\/wp\/v2\/pages\/44","targetHints":{"allow":["GET"]}}],"collection":[{"href":"https:\/\/blogit.lab.fi\/design\/wp-json\/wp\/v2\/pages"}],"about":[{"href":"https:\/\/blogit.lab.fi\/design\/wp-json\/wp\/v2\/types\/page"}],"author":[{"embeddable":true,"href":"https:\/\/blogit.lab.fi\/design\/wp-json\/wp\/v2\/users\/9"}],"replies":[{"embeddable":true,"href":"https:\/\/blogit.lab.fi\/design\/wp-json\/wp\/v2\/comments?post=44"}],"version-history":[{"count":2,"href":"https:\/\/blogit.lab.fi\/design\/wp-json\/wp\/v2\/pages\/44\/revisions"}],"predecessor-version":[{"id":75,"href":"https:\/\/blogit.lab.fi\/design\/wp-json\/wp\/v2\/pages\/44\/revisions\/75"}],"wp:attachment":[{"href":"https:\/\/blogit.lab.fi\/design\/wp-json\/wp\/v2\/media?parent=44"}],"curies":[{"name":"wp","href":"https:\/\/api.w.org\/{rel}","templated":true}]}}