{"id":23,"date":"2020-02-20T13:48:35","date_gmt":"2020-02-20T13:48:35","guid":{"rendered":"https:\/\/blogit.lab.fi\/health\/?page_id=23"},"modified":"2020-03-16T12:08:16","modified_gmt":"2020-03-16T12:08:16","slug":"kirjoittajalle","status":"publish","type":"page","link":"https:\/\/blogit.lab.fi\/health\/kirjoittajalle\/","title":{"rendered":"Kirjoittajalle"},"content":{"rendered":"\n<h2 class=\"wp-block-heading\"><strong>Julkaisuteksti Lab Health -blogiin<\/strong><\/h2>\n\n\n\n<h4 class=\"wp-block-heading\"><strong>Blogin ja blogitekstien tarkoitus<\/strong><\/h4>\n\n\n\n<p> <a rel=\"noreferrer noopener\" aria-label=\"LAB Health -blogissa (avautuu uudessa v\u00e4lilehdess\u00e4)\" href=\"https:\/\/blogit.lab.fi\/health\/\" target=\"_blank\">LAB Health -blogissa<\/a> julkaistaan ytimekk\u00e4it\u00e4 ja mielenkiintoisia tekstej\u00e4 LAB-ammattikorkeakoulun Hyvinvoinnin palveluinnovaatiot -vahvuusalueen TKI-toiminnasta. Tekstit sis\u00e4lt\u00e4v\u00e4t uutta tietoa tai uuden n\u00e4k\u00f6kulman hyvinvoinnin, terveyden edist\u00e4misen ja uudistavan kasvun teemoihin ja\/tai kertovat hankkeiden tapahtumista ja\/tai tuloksista. Tekstit voivat olla uutisia, haastatteluja, tapahtumakertomuksia, matkakertomuksia, avata opiskelijan\u00e4k\u00f6kulmaa hankkeissa tai perustua opinn\u00e4ytet\u00f6ihin. <\/p>\n\n\n\n<h4 class=\"wp-block-heading\"><strong>Kypsyysn\u00e4ytteen suorittaminen artikkelina<\/strong><\/h4>\n\n\n\n<p>Opiskelijat voivat suorittaa kypsyysn\u00e4ytteen kirjoittamalla julkaisun. Opiskelijablogit kirjoitetaan aina yhteisty\u00f6ss\u00e4 opettajan kanssa, joten opettajan tulee v\u00e4hint\u00e4\u00e4n tarkistaa, ohjata ja lis\u00e4t\u00e4 pieni panos tekstin kirjoittamiseen ennen kuin sit\u00e4 tarjotaan LAB Health -blogiin. Julkaisun voi kirjoittaa my\u00f6s<a rel=\"noreferrer noopener\" href=\"https:\/\/www.labopen.fi\/\" target=\"_blank\"> Lab Open -julkaisualustoille.<\/a> Lab Pron ja RDI Journalin kirjoittajaohjeet l\u00f6ytyv\u00e4t Lab Open -sivustolta. <\/p>\n\n\n\n<h4 class=\"wp-block-heading\"><strong>Kategorian valinta<\/strong><\/h4>\n\n\n\n<p>Kirjoittaja luokittelee tekstin johonkin nelj\u00e4st\u00e4 kategoriasta (= vahvuusalueen keskeiset TKI-teemat), jotka ovat: <\/p>\n\n\n\n<ol class=\"wp-block-list\"><li>Hyvinvointia liikkumisesta ja elinymp\u00e4rist\u00f6st\u00e4 <\/li><li>Sosiaalinen osallisuus ja turvallinen arki<\/li><li>Terveyden edist\u00e4minen ja \u00e4lyk\u00e4s omahoito<\/li><li>Toimivat palveluketjut. <\/li><\/ol>\n\n\n\n<p>Blogin toimituskunta tekee lopullisen p\u00e4\u00e4t\u00f6ksen siit\u00e4 miss\u00e4 kategoriassa\nteksti julkaistaan.<\/p>\n\n\n\n<h4 class=\"wp-block-heading\"><strong>Tekniset kirjoitusohjeet<\/strong><\/h4>\n\n\n\n<ul class=\"wp-block-list\"><li><strong>Tekstin pituus<\/strong>: max. 3500 merkki\u00e4 mukaan lukien v\u00e4lily\u00f6nnit.<\/li><li><strong>Kieli<\/strong>: suomi tai englanti. Kieli on sujuvaa yleiskielt\u00e4.<\/li><li><strong>Otsikot<\/strong>: yl\u00e4otsikko ja 1-3 alaotsikkoa.<\/li><li>Ytimekk\u00e4\u00e4t <strong>p\u00e4\u00e4otsikot<\/strong> (pituus max. 2 rivi\u00e4 \/ 4-5 sanaa).<\/li><li><strong>Kuvat<\/strong>: 1-3 kuvaa (v\u00e4hint\u00e4\u00e4n 1), joiden k\u00e4ytt\u00f6\u00f6n kirjoittajalla on lupa. Suosituksena on vaakakuva ja koko mielell\u00e4\u00e4n 1280 x 640 pikseli\u00e4.<\/li><li><strong>Kuvatekstit<\/strong>: Liitt\u00e4\u00e4 kuvan tekstiin (my\u00f6s kuvituskuvan, keksi miten se liittyy tekstiisi), kuvaajan nimi.<\/li><li><strong>Linkit<\/strong>: toivottavia, upotetaan tekstiin (linkki\u00e4 kuvaava sana) <\/li><li><strong>Viittaukset<\/strong>: Tarvittavat viittaukset tehd\u00e4\u00e4n Harvardin j\u00e4rjestelm\u00e4n mukaan. Tarkemmat ohjeet l\u00f6ytyv\u00e4t <a rel=\"noreferrer noopener\" aria-label=\"julkaisijan oppaassa (avautuu uudessa v\u00e4lilehdess\u00e4)\" href=\"https:\/\/libguides.lut.fi\/LAB_julkaisijalle\/etusivu\" target=\"_blank\">julkaisijan oppaasta<\/a>.<\/li><li><strong>Kirjoittajakuvaus<\/strong>: kirjoittajan nimi sek\u00e4 1\u20132 lausetta siit\u00e4, miten kirjoittaja liittyy tekstin sis\u00e4lt\u00f6\u00f6n ja mik\u00e4 on h\u00e4nen teht\u00e4v\u00e4nkuvansa LAB-ammattikorkeakoulussa. Esim. <strong>Kirjoittaja<\/strong>: Maija Meik\u00e4l\u00e4inen toimii lehtorina LAB-ammattikorkeakoulussa ja asiantuntijana XXX-hankkeessa tai <strong>Kirjoittaja<\/strong>: Matti Meik\u00e4l\u00e4inen on LAB-ammattikorkeakoulun fysioterapiaopiskelija ja on kiinnostunut liikunnan hyvinvointivaikutuksista. <\/li><li>Tekstin loppuun 3\u20135 <strong>asiasanaa<\/strong> tekstin aiheen perusteella.<\/li><\/ul>\n\n\n\n<p><strong>Kuvien k\u00e4ytt\u00f6:<\/strong>\nKuvien k\u00e4ytt\u00f6\u00f6n t\u00e4ytyy aina olla kuvaajan ja kuvassa esiintyvien lupa. Kuvan\nvoi ottaa itse tai k\u00e4ytt\u00e4\u00e4 avoimia (creative commons -lisenssin alaisia) kuvia.\nAvoimia kuvia k\u00e4ytett\u00e4ess\u00e4 tekstiin lis\u00e4t\u00e4\u00e4n kuvan l\u00e4hde. Kuvassa esiintyvien\nhenkil\u00f6iden kohdalla p\u00e4tee peruss\u00e4\u00e4nt\u00f6: julkisella paikalla tai julkisissa\ntilaisuuksissa otettuja kuvia saa k\u00e4ytt\u00e4\u00e4. Jos julkisella paikalla otetussa\nkuvassa esiintyy vain pari ihmist\u00e4, jotka ovat selv\u00e4sti tunnistettavissa, on\nkohteliasta kysy\u00e4 lupa kuvan k\u00e4ytt\u00f6\u00f6n. Yksityisiss\u00e4 tilaisuuksissa otettujen\nkuvien k\u00e4ytt\u00f6\u00f6n tulee hankkia kirjallinen lupa. <\/p>\n\n\n\n<p>Tekstin mukana toimitetaan tieto kuvaajasta tai avoimen\nkuvan l\u00e4hdetiedot sek\u00e4 mahdollinen kuvassa esiintyvien antama kuvan\njulkaisulupa.<\/p>\n\n\n\n<h4 class=\"wp-block-heading\"><strong>Esimerkki blogitekstin rakenteesta<\/strong><\/h4>\n\n\n\n<p><strong>[mielenkiintoinen\nyl\u00e4otsikko] esim. \u201dMit\u00e4 tapahtui miss\u00e4\u201d <\/strong><\/p>\n\n\n\n<p>[Teksti\u00e4: kuvaa lyhyesti, mit\u00e4 tapahtui ja miss\u00e4. Mitk\u00e4\nolivat sen tulokset ja mit\u00e4 siit\u00e4 seurasi.] <\/p>\n\n\n\n<p>[kuva, jonka k\u00e4ytt\u00f6\u00f6n sinulla on lupa ja joka tuo mielikuvan\naiheeseen] [kuvateksti, joka selitt\u00e4\u00e4 juttua] Kuva: Matti Meik\u00e4l\u00e4inen. <\/p>\n\n\n\n<p>[v\u00e4liotsikko, joka jakaa juttua v\u00e4h\u00e4n pienempiin osiin, mik\u00e4\npointti olisi nostettava yl\u00f6s?] <\/p>\n\n\n\n<p>[teksti\u00e4: Mik\u00e4 siin\u00e4 on mielenkiintoista?] <\/p>\n\n\n\n<p>[Mahdollinen viittaus kurssiin: Ty\u00f6 tehtiin\/tapahtuma j\u00e4rjestettiin osana x. vuoden opiskelijoille suunnattua xx-kurssia. <\/p>\n\n\n\n<p>Mahdollinen viittaus meneill\u00e4\u00e4n olevaan projektiin:\nopiskelijaty\u00f6 tehtiin osana xxx-projektia. Kopioi t\u00e4h\u00e4n projektin\nverkkosivuilta projektin perustiedot: toteutusvuodet, tavoite ja\/tai\ntoimenpiteet, viittaus rahoittajaan. Lis\u00e4\u00e4 selitys siihen, miksi ja\/tai miten\nyhteys projektiin muodostuu.] <\/p>\n\n\n\n<h4 class=\"wp-block-heading\"><strong>Tekstin l\u00e4hett\u00e4minen blogivastaavalle ja toimituskunnan arviointiin<\/strong><\/h4>\n\n\n\n<p>L\u00e4het\u00e4 blogitekstisi s\u00e4hk\u00f6postitse blogivastaavalle osoitteeseen: lamkwell-being@lamk.fi (vanha osoite on k\u00e4yt\u00f6ss\u00e4, kunnes saadaan uusi) tai blogivastaavalle: <a href=\"mailto:anita.hartikainen@lab.fi\">anita.hartikainen@lab.fi<\/a><\/p>\n\n\n\n<p>Blogivastaava k\u00e4y tekstin l\u00e4pi ja l\u00e4hett\u00e4\u00e4 sen blogin\ntoimituskunnalle arvioitavaksi ja tarkastettavaksi ennen julkaisua. Toimituskunta\ntarkastaa tekstin ymm\u00e4rrett\u00e4vyyden, asiasis\u00e4ll\u00f6n ja kategorian. &nbsp;Tarvittaessa kirjoittajaa pyydet\u00e4\u00e4n korjaamaan\nteksti\u00e4 tai toimittamaan lis\u00e4\u00e4 materiaalia. Kun toimituskunta on hyv\u00e4ksynyt\ntekstin julkaistavaksi, blogivastaava huolehtii tekstin viemisest\u00e4\nblogisivustolle. <\/p>\n\n\n\n<h4 class=\"wp-block-heading\"><strong>Ilmoittaminen julkaisurekisteriin<\/strong><\/h4>\n\n\n\n<p>Kirjoittaja huolehtii itse tekstin viemisest\u00e4 julkaisurekisteriin sen j\u00e4lkeen, kun teksti on julkaistu blogissa. Blogitekstin julkaisuluokka on E1. Blogilla ei ole ISSN-numeroa. Julkaisurekisteri-ilmoituksen tekemiseen liittyv\u00e4t ohjeet l\u00f6ytyv\u00e4t <a rel=\"noreferrer noopener\" aria-label=\"t\u00e4\u00e4lt\u00e4 (avautuu uudessa v\u00e4lilehdess\u00e4)\" href=\"https:\/\/libguides.lut.fi\/LAB_julkaisijalle\/ohjeet\" target=\"_blank\">t\u00e4\u00e4lt\u00e4<\/a>.<\/p>\n\n\n\n<p>Julkaisut ilmoitetaan julkaisutietojen tallennuspalvelun Justuksen kautta. Palveluun kirjaudutaan k\u00e4ytt\u00e4en Eduuni-ID:t\u00e4. Jos sinulla ei sellaista viel\u00e4 ole, ohjeet rekister\u00f6itymiseen l\u00f6ytyv\u00e4t <a href=\"https:\/\/wiki.eduuni.fi\/pages\/viewpage.action?pageId=14123052\" target=\"_blank\" rel=\"noreferrer noopener\" aria-label=\" (avautuu uudessa v\u00e4lilehdess\u00e4)\">t\u00e4\u00e4lt\u00e4<\/a>.<\/p>\n\n\n\n<p>Eduuni-ID:n luomisen j\u00e4lkeen voit <a rel=\"noreferrer noopener\" href=\"https:\/\/justus.csc.fi\/#!\/\" target=\"_blank\">kirjautua Justukseen <\/a>ja tallentaa julkaisusi.<\/p>\n\n\n\n<p><em>Julkaisuun liittyv\u00e4t ohjeet Lab-ammattikorkeakoulun henkil\u00f6kunnalle l\u00f6ytyv\u00e4t <a href=\"https:\/\/lut.sharepoint.com\/sites\/lamk\/intranet\/pages\/julkaisutoiminta.aspx\" target=\"_blank\" rel=\"noreferrer noopener\" aria-label=\"t\u00e4\u00e4lt\u00e4 (avautuu uudessa v\u00e4lilehdess\u00e4)\">t\u00e4\u00e4lt\u00e4<\/a>.  <\/em><\/p>\n","protected":false},"excerpt":{"rendered":"<p>Julkaisuteksti Lab Health -blogiin Blogin ja blogitekstien tarkoitus LAB Health -blogissa julkaistaan ytimekk\u00e4it\u00e4 ja mielenkiintoisia tekstej\u00e4 LAB-ammattikorkeakoulun Hyvinvoinnin palveluinnovaatiot -vahvuusalueen TKI-toiminnasta. Tekstit sis\u00e4lt\u00e4v\u00e4t uutta tietoa tai uuden n\u00e4k\u00f6kulman hyvinvoinnin, terveyden edist\u00e4misen ja uudistavan kasvun teemoihin ja\/tai kertovat hankkeiden tapahtumista ja\/tai tuloksista. Tekstit voivat olla uutisia, haastatteluja, tapahtumakertomuksia, matkakertomuksia, avata opiskelijan\u00e4k\u00f6kulmaa hankkeissa tai perustua opinn\u00e4ytet\u00f6ihin. Kypsyysn\u00e4ytteen [&hellip;]<\/p>\n","protected":false},"author":2,"featured_media":0,"parent":0,"menu_order":0,"comment_status":"closed","ping_status":"closed","template":"","meta":{"footnotes":""},"class_list":["post-23","page","type-page","status-publish","czr-hentry"],"_links":{"self":[{"href":"https:\/\/blogit.lab.fi\/health\/wp-json\/wp\/v2\/pages\/23","targetHints":{"allow":["GET"]}}],"collection":[{"href":"https:\/\/blogit.lab.fi\/health\/wp-json\/wp\/v2\/pages"}],"about":[{"href":"https:\/\/blogit.lab.fi\/health\/wp-json\/wp\/v2\/types\/page"}],"author":[{"embeddable":true,"href":"https:\/\/blogit.lab.fi\/health\/wp-json\/wp\/v2\/users\/2"}],"replies":[{"embeddable":true,"href":"https:\/\/blogit.lab.fi\/health\/wp-json\/wp\/v2\/comments?post=23"}],"version-history":[{"count":7,"href":"https:\/\/blogit.lab.fi\/health\/wp-json\/wp\/v2\/pages\/23\/revisions"}],"predecessor-version":[{"id":208,"href":"https:\/\/blogit.lab.fi\/health\/wp-json\/wp\/v2\/pages\/23\/revisions\/208"}],"wp:attachment":[{"href":"https:\/\/blogit.lab.fi\/health\/wp-json\/wp\/v2\/media?parent=23"}],"curies":[{"name":"wp","href":"https:\/\/api.w.org\/{rel}","templated":true}]}}