{"id":19,"date":"2020-02-21T08:26:10","date_gmt":"2020-02-21T08:26:10","guid":{"rendered":"https:\/\/blogit.lab.fi\/innovations\/?page_id=19"},"modified":"2020-03-19T11:34:38","modified_gmt":"2020-03-19T11:34:38","slug":"kirjoittajalle","status":"publish","type":"page","link":"https:\/\/blogit.lab.fi\/innovations\/kirjoittajalle\/","title":{"rendered":"Kirjoittajalle"},"content":{"rendered":"\n<h4 class=\"wp-block-heading\">Tervetuloa\nInnovations\u2013blogiin!<\/h4>\n\n\n\n<p>Innovations\u2013blogi aloitti julkaisutoimintansa vuoden 2020 alussa. Sen tavoitteena on toimia matalan kynnyksen julkaisukanavana. Sen lis\u00e4ksi, ett\u00e4 saamme tuoretta tietoa ajankohtaisista tapahtumista, kertyy my\u00f6s julkaisurekisterin pistem\u00e4\u00e4r\u00e4!<\/p>\n\n\n\n<p><em>Innovaatioiden kaupallistaminen<\/em> \u2013vahvuusalue ja sen TKI \u2013k\u00e4rki <em>Kasvuhakuisen liiketoiminnan ratkaisut <\/em>ovat uusia LAB-ammattikorkeakoulun (LAB) my\u00f6t\u00e4 syntyneit\u00e4. Samalla my\u00f6s blogi on saanut nelj\u00e4 uutta kategoriaa, joiden alla tekstej\u00e4 julkaistaan: \u00a0\u00a0\u00a0\u00a0\u00a0\u00a0\u00a0\u00a0\u00a0\u00a0\u00a0\u00a0 <\/p>\n\n\n\n<p><strong>Innovaatioiden kokeiluymp\u00e4rist\u00f6t<\/strong><br>Toteutamme LABissa monenlaisia kokeiluja ja simulaatioita. Osa n\u00e4ist\u00e4 on fyysisi\u00e4 tiloja laitteineen ja osa ohjelmistoja tai yhdess\u00e4 hy\u00f6dynnett\u00e4vi\u00e4 malli- ja menetelm\u00e4joukkoja, joiden arvo syntyy yhteisess\u00e4 dialogissa. T\u00e4m\u00e4n kategorian artikkeleissa esitell\u00e4\u00e4n ja seurataan erilaisissa kokeiluymp\u00e4rist\u00f6iss\u00e4 toteutettavia kokeiluja, pilotteja, simulointeja ja innovaatioihin liittyvi\u00e4 ty\u00f6pajoja ja niist\u00e4 saatuja oppeja ja tuloksia. <\/p>\n\n\n\n<p><strong>Liiketoiminnan muotoilu ja runsas arvo<\/strong><br>Teknologinen kehitys ja digitalisaatio ovat mahdollistaneet kokonaan uudenlaisten liiketoimintakonseptien ja -mallien kehitt\u00e4misen, eik\u00e4 liiketoiminnan skaalaaminen paikallisesta toiminnasta globaaliksi ole en\u00e4\u00e4 vain suurten yritysten ulottuvilla. Arvon k\u00e4site itsess\u00e4\u00e4n on kokenut muodon muutoksen, jossa taloudellisen hy\u00f6dyn ohella merkityst\u00e4 on yksil\u00f6llisill\u00e4 ja yhteis\u00f6llisill\u00e4 el\u00e4myksill\u00e4 ja kokemuksilla. N\u00e4it\u00e4 ja monia muita n\u00e4k\u00f6kulmia k\u00e4sitell\u00e4\u00e4n kategorian artikkeleissa, joiden aiheena on liiketoiminnan muotoilu ja runsas arvo. <\/p>\n\n\n\n<p><strong>Uudistuva yritt\u00e4jyys<\/strong><br>Megatrendit kuten ilmastonmuutos, kaupungistuminen, demografiset muutokset ja digitalisaatio vaikuttavat meihin kaikkiin monin tavoin. Liiketoimintaymp\u00e4rist\u00f6, ty\u00f6el\u00e4m\u00e4 ja yritt\u00e4jyys muuttuvat nopeassa tahdissa. Arvopohjassa tapahtuvat muutokset ja vastuullisuus korostuvat tuottaen uudenlaista liiketoimintaa ja vaatien uudenlaista osaamista. T\u00e4ss\u00e4 kategoriassa esitell\u00e4\u00e4n kokemuksia yhteisty\u00f6st\u00e4 osaamisen ja ty\u00f6n murrokseen, yritt\u00e4jyyteen, liiketoiminnan digitalisoitumiseen ja vastuulliseen liiketoimintaan liittyen.<\/p>\n\n\n\n<p><strong>Radikaalit uudet avaukset<\/strong><br>Kun on kokeiltu tai toteutettu jotain selke\u00e4sti totutusta poikkeavaa, on t\u00e4m\u00e4 kategoria oikea valinta kertoa siit\u00e4 muille! Kategoriassa julkaistaan artikkeleita t\u00e4ysin uusista kokeiluista, osaamisyhdistelmist\u00e4 tai mittakaavaltaan aiempaa suuremmista avauksista. Tarkoituksena on avata aiheita, jotka ovat radikaaleja meille itsellemme tai yhteisty\u00f6kumppaneillemme, kuten uudenlaiset osaamisyhdistelm\u00e4t, monialaiset ja uudistavat pedagogiset avaukset, kansainv\u00e4liset avaukset ja globaaleihin haasteisiin tarttuminen.<\/p>\n\n\n\n<p>Innovaatioiden kaupallistaminen \u2013vahvuusalue on jo l\u00e4ht\u00f6kohtaisesti\nmonialainen. T\u00e4st\u00e4 johtuen olisi todella hienoa, ett\u00e4 t\u00e4m\u00e4 n\u00e4kyisi my\u00f6s\ntulevissa blogiteksteiss\u00e4. Yhdist\u00e4m\u00e4ll\u00e4 erilaisia osaamisia uudella tavalla\nvoimme l\u00f6yt\u00e4\u00e4 jotain ei-ilmeist\u00e4 tai jopa uniikkia.<\/p>\n\n\n\n<p>Blogitekstit voivat k\u00e4sitell\u00e4 esimerkiksi<\/p>\n\n\n\n<ul class=\"wp-block-list\"><li>oppeja yritysyhteisty\u00f6st\u00e4<\/li><li>hanketoiminnan kuulumisia<\/li><li>uusien oppimismenetelmien kokeiluja<\/li><li>kokemuksia kansainv\u00e4lisest\u00e4 opettajavaihdosta ja muista\n     ty\u00f6matkoista <\/li><li>opinn\u00e4ytety\u00f6n tuloksia.<\/li><\/ul>\n\n\n\n<p>Blogitekstien kirjoittamiseksi on laadittu selke\u00e4t <a href=\"https:\/\/blogit.lab.fi\/innovations\/kirjoittajalle\/kirjoittajaohje\/\">kirjoittajaohjeet<\/a>.\nToimituskunta huolehtii blogitekstien arvioinnista, kommentoinnista ja\nsijoittamisesta sopivan teeman alle. Toimituskunnan kommenttien perusteella\nmuokatut tekstit ovat valmiita julkaistavaksi. <\/p>\n\n\n\n<p>Runsasta ja monipuolista blogisis\u00e4lt\u00f6\u00e4 toivoen,<\/p>\n\n\n\n<p>Pasi Juvonen<\/p>\n\n\n\n<p>TKI \u2013johtaja<br>\nInnovaatioiden kaupallistaminen<br>\n<a href=\"mailto:pasi.juvonen@lab.fi\">pasi.juvonen@lab.fi<\/a> <\/p>\n\n\n\n<p><\/p>\n","protected":false},"excerpt":{"rendered":"<p>Tervetuloa Innovations\u2013blogiin! Innovations\u2013blogi aloitti julkaisutoimintansa vuoden 2020 alussa. Sen tavoitteena on toimia matalan kynnyksen julkaisukanavana. Sen lis\u00e4ksi, ett\u00e4 saamme tuoretta tietoa ajankohtaisista tapahtumista, kertyy my\u00f6s julkaisurekisterin pistem\u00e4\u00e4r\u00e4! Innovaatioiden kaupallistaminen \u2013vahvuusalue ja sen TKI \u2013k\u00e4rki Kasvuhakuisen liiketoiminnan ratkaisut ovat uusia LAB-ammattikorkeakoulun (LAB) my\u00f6t\u00e4 syntyneit\u00e4. Samalla my\u00f6s blogi on saanut nelj\u00e4 uutta kategoriaa, joiden alla tekstej\u00e4 julkaistaan: [&hellip;]<\/p>\n","protected":false},"author":2,"featured_media":0,"parent":0,"menu_order":0,"comment_status":"closed","ping_status":"closed","template":"","meta":{"footnotes":""},"class_list":["post-19","page","type-page","status-publish","czr-hentry"],"_links":{"self":[{"href":"https:\/\/blogit.lab.fi\/innovations\/wp-json\/wp\/v2\/pages\/19","targetHints":{"allow":["GET"]}}],"collection":[{"href":"https:\/\/blogit.lab.fi\/innovations\/wp-json\/wp\/v2\/pages"}],"about":[{"href":"https:\/\/blogit.lab.fi\/innovations\/wp-json\/wp\/v2\/types\/page"}],"author":[{"embeddable":true,"href":"https:\/\/blogit.lab.fi\/innovations\/wp-json\/wp\/v2\/users\/2"}],"replies":[{"embeddable":true,"href":"https:\/\/blogit.lab.fi\/innovations\/wp-json\/wp\/v2\/comments?post=19"}],"version-history":[{"count":15,"href":"https:\/\/blogit.lab.fi\/innovations\/wp-json\/wp\/v2\/pages\/19\/revisions"}],"predecessor-version":[{"id":119,"href":"https:\/\/blogit.lab.fi\/innovations\/wp-json\/wp\/v2\/pages\/19\/revisions\/119"}],"wp:attachment":[{"href":"https:\/\/blogit.lab.fi\/innovations\/wp-json\/wp\/v2\/media?parent=19"}],"curies":[{"name":"wp","href":"https:\/\/api.w.org\/{rel}","templated":true}]}}