{"id":41,"date":"2020-03-02T13:11:36","date_gmt":"2020-03-02T13:11:36","guid":{"rendered":"https:\/\/blogit.lab.fi\/innovations\/?page_id=41"},"modified":"2020-04-06T10:26:45","modified_gmt":"2020-04-06T10:26:45","slug":"kirjoittajaohje","status":"publish","type":"page","link":"https:\/\/blogit.lab.fi\/innovations\/kirjoittajalle\/kirjoittajaohje\/","title":{"rendered":"Kirjoittajaohje"},"content":{"rendered":"\n<h2 class=\"wp-block-heading\">Haluatko kirjoittaa Innovations-blogiin? <\/h2>\n\n\n\n<p>Julkaisemme ytimekk\u00e4it\u00e4 ja mielenkiintoisia, uutta tietoa tai uuden n\u00e4k\u00f6kulman sis\u00e4lt\u00e4vi\u00e4 kirjoituksia, jotka perustuvat LAB-ammattikorkeakoulun innovaatio-vahvuusalueen tutkimus-, kehitt\u00e4mis- ja innovaatiotoimintaan. Teksteiss\u00e4 tulee k\u00e4yd\u00e4 ilmi tekij\u00e4n asiantuntijuus ja LAB-ammattikorkeakoulussa tehty ty\u00f6. Yhteisartikkeleihin yhdess\u00e4 sidosryhmien edustajien ja opiskelijoiden kanssa kannustetaan. <\/p>\n\n\n\n<h3 class=\"wp-block-heading\">Mist\u00e4 alkuun?<\/h3>\n\n\n\n<p>Vinkkej\u00e4 kirjoitusprosessin aloittamiseksi l\u00f6yd\u00e4t <a href=\"https:\/\/libguides.lut.fi\/LAB_julkaisijalle\/vinkit\">LAB julkaisijan oppaasta<\/a>.   <\/p>\n\n\n\n<h4 class=\"wp-block-heading\">Tekniset kirjoitusohjeet<\/h4>\n\n\n\n<ul class=\"wp-block-list\"><li>Tekstin pituus: max. 3000 merkki\u00e4 <br>(ml. v\u00e4lit, poislukien kirjoittajakuvaus ja l\u00e4hdeluettelo)<\/li><li>Otsikot: yl\u00e4otsikko ja 1-3 alaotsikkoa<\/li><li>Kuvitus: 1-3 kuvaa tai videota, joiden k\u00e4ytt\u00f6\u00f6n sinulla on lupa.<\/li><li>Kuvat: suositeltu kuvakoko 1280 x 640 pikseli\u00e4 <\/li><li>Videot: YouTubessa julkaistu, julkinen videolinkki  <\/li><li>Kuvateksti: kerro miten kuva&nbsp;liittyy tekstiin, lis\u00e4\u00e4 kuvaajan, julkaisijan tai kuvapalvelun nimi<\/li><li>Linkit: suotavia, upotetaan tekstiin.<\/li><li>L\u00e4hteet: l\u00e4hdeviittauksissa ja l\u00e4hdeluettelossa k\u00e4ytet\u00e4\u00e4n<a rel=\"noreferrer noopener\" href=\"https:\/\/libguides.lut.fi\/LAB_julkaisijalle\/viittaaminen\" target=\"_blank\"> Harvardin nimi-vuosij\u00e4rjestelm\u00e4\u00e4<\/a>.<\/li><li>Kirjoittajakuvaus: merkitse tekstin loppuun kirjoittajan nimi sek\u00e4 1-2 lausetta henkil\u00f6n liittymisest\u00e4 tekstin sis\u00e4lt\u00f6\u00f6n.<\/li><li>L\u00e4het\u00e4 artikkeliehdotuksesi: lamkbusiness[@]lamk.fi.  <\/li><\/ul>\n\n\n\n<h4 class=\"wp-block-heading\">Asiatarkastus<\/h4>\n\n\n\n<p><a href=\"https:\/\/blogit.lab.fi\/innovations\/kirjoittajalle\/toimituskunta\/\">Toimituskunnan <\/a>asiatarkastajat k\u00e4yv\u00e4t l\u00e4pi kaikki artikkeliehdotukset ennen niiden julkaisua ja voivat pyyt\u00e4\u00e4 tekstiin muutoksia. Toimituskunnalla on oikeus korjata huomaamansa kirjoitusvirheet. <\/p>\n\n\n\n<h4 class=\"wp-block-heading\">Kuvien k\u00e4ytt\u00f6<\/h4>\n\n\n\n<p>Kuvien k\u00e4ytt\u00f6\u00f6n t\u00e4ytyy olla kuvaajan ja kuvassa esiintyvien lupa. Kuvan voi ottaa itse tai k\u00e4ytt\u00e4\u00e4 avoimia (creative commons \u2013lisenssin alaisia) kuvia. Avoimia kuvia k\u00e4ytett\u00e4ess\u00e4 tekstiin lis\u00e4t\u00e4\u00e4n kuvan l\u00e4hde. Kuvassa esiintyvien henkil\u00f6iden suhteen p\u00e4tee peruss\u00e4\u00e4nt\u00f6: julkisella paikalla tai julkisissa tilaisuuksissa otettuja kuvia saa k\u00e4ytt\u00e4\u00e4. Jos julkisella paikalla otetussa kuvassa esiintyy vain pari ihmist\u00e4, jotka ovat selv\u00e4sti tunnistettavissa, on kohteliasta kysy\u00e4 lupa kuvan k\u00e4ytt\u00f6\u00f6n. Yksityisiss\u00e4 tilaisuuksissa otettujen kuvien k\u00e4ytt\u00f6\u00f6n tulee hankkia kirjallinen lupa. Tekstin mukana toimitetaan tieto kuvaajasta tai avoimen kuvan l\u00e4hdetiedot sek\u00e4 mahdollinen kuvassa esiintyvien antama kuvan julkaisulupa.  <\/p>\n\n\n\n<h4 class=\"wp-block-heading\">Saavutettavuusdirektiivi<\/h4>\n\n\n\n<p>Kiinnit\u00e4th\u00e4n huomiota yhdenvertaiseen saavutettavuuteen blogiartikkelissasi. Kerro olennainen tieto heti sivun alussa. Liit\u00e4 kuvien yhteyteen aina saman sis\u00e4lt\u00f6inen teksti. Tarjoa sis\u00e4ll\u00f6n kannalta oleellisille kuville ja kuvakkeille kuvaavat alt-tekstit. Lis\u00e4\u00e4 infograafeille ja videoille tekstikuvaukset. K\u00e4yt\u00e4 kuvaavia v\u00e4liotsikoita ja linkkitekstej\u00e4. K\u00e4yt\u00e4 selke\u00e4\u00e4 ja yksinkertaista kielt\u00e4 sek\u00e4 verkkokirjoittamisen periaatteita. Varmista ett\u00e4 otsikot ja linkit ovat helposti silm\u00e4ilt\u00e4viss\u00e4. Pid\u00e4 tietom\u00e4\u00e4r\u00e4 hallittavana ja karsi ylim\u00e4\u00e4r\u00e4inen pois.  Tietoa <a href=\"https:\/\/saavutettavuusdirektiivi.fi\/\">saavutettavuusdirektiivist\u00e4<\/a>.<\/p>\n\n\n\n<h3 class=\"wp-block-heading\">Julkaisutyyppi<\/h3>\n\n\n\n<p>Blogissa julkaistavat kirjoitukset ovat p\u00e4\u00e4s\u00e4\u00e4nt\u00f6isesti Opetus- ja kulttuuriministeri\u00f6n julkaisutyypin E1 mukaisia yleistajuisia artikkeleita. E1-tyypin artikkelit kerrytt\u00e4v\u00e4t ammattikorkeakoulun julkaisupisteit\u00e4 ja niist\u00e4 maksetaan <a href=\"https:\/\/lut.sharepoint.com\/sites\/lamk\/intranet\/Documents%20%20staff\/Julkaisupalkkiot%20vuodelle%202020.pdf\">julkaisupalkkio<\/a>. Ministeri\u00f6n julkaisutiedonkeruussa voi ilmoittaa blogi-kirjoituksen mik\u00e4li se t\u00e4ytt\u00e4\u00e4 <a href=\"https:\/\/wiki.eduuni.fi\/display\/cscsuorat\/7.5+Julkaisutyypit+2019#id-7.5Julkaisutyypit2019-E1Yleistajuinenartikkeli,sanomalehtiartikkeli\">E1-tyypille m\u00e4\u00e4ritellyt vaatimukset<\/a>.  Kirjoittaja huolehtii itse tekstin viemisest\u00e4 julkaisurekisteriin sen j\u00e4lkeen, kun teksti on julkaistu blogissa. Julkaisurekisteri-ilmoituksen  tekemiseen liittyv\u00e4t ohjeet l\u00f6ytyv\u00e4t <a rel=\"noreferrer noopener\" href=\"https:\/\/libguides.lut.fi\/LAB_julkaisijalle\/ohjeet\" target=\"_blank\">t\u00e4\u00e4lt\u00e4<\/a>. <\/p>\n\n\n\n<h3 class=\"wp-block-heading\">Kypsyysn\u00e4ytteet \/ yhteisartikkelit opiskelijoiden kanssa<\/h3>\n\n\n\n<p>Opiskelijoiden ja opettajien\/henkil\u00f6kunnan yhteisartikkeleissa noudatetaan LABin julkaisutoiminnan <a href=\"https:\/\/libguides.lut.fi\/ld.php?content_id=32733925\">Yhteiskirjoittamisen ohjeita<\/a>.  Opinn\u00e4ytety\u00f6h\u00f6n pohjautuvissa kirjoituksissa toivotaan ty\u00f6st\u00e4 esiin nostettavan jokin tietty n\u00e4k\u00f6kulma, jota artikkelissa k\u00e4sitell\u00e4\u00e4n ja syvennet\u00e4\u00e4n.  Opettajalla tulee olla artikkelissa oma kirjoittajapanos. <\/p>\n\n\n\n<h3 class=\"wp-block-heading\">Matkaraportit<\/h3>\n\n\n\n<p>Hanke-, seminaari- ja konferenssimatkoihin perustuvissa blogikirjoituksissa p\u00e4\u00e4paino tulee olla jossakin matkan \/ tapahtuman teemassa tai sen osa-alueessa, johon blogikirjoituksessa syvennyt\u00e4\u00e4n. <\/p>\n","protected":false},"excerpt":{"rendered":"<p>Haluatko kirjoittaa Innovations-blogiin? Julkaisemme ytimekk\u00e4it\u00e4 ja mielenkiintoisia, uutta tietoa tai uuden n\u00e4k\u00f6kulman sis\u00e4lt\u00e4vi\u00e4 kirjoituksia, jotka perustuvat LAB-ammattikorkeakoulun innovaatio-vahvuusalueen tutkimus-, kehitt\u00e4mis- ja innovaatiotoimintaan. Teksteiss\u00e4 tulee k\u00e4yd\u00e4 ilmi tekij\u00e4n asiantuntijuus ja LAB-ammattikorkeakoulussa tehty ty\u00f6. Yhteisartikkeleihin yhdess\u00e4 sidosryhmien edustajien ja opiskelijoiden kanssa kannustetaan. Mist\u00e4 alkuun? Vinkkej\u00e4 kirjoitusprosessin aloittamiseksi l\u00f6yd\u00e4t LAB julkaisijan oppaasta. Tekniset kirjoitusohjeet Tekstin pituus: max. 3000 [&hellip;]<\/p>\n","protected":false},"author":7,"featured_media":0,"parent":19,"menu_order":0,"comment_status":"closed","ping_status":"closed","template":"","meta":{"footnotes":""},"class_list":["post-41","page","type-page","status-publish","czr-hentry"],"_links":{"self":[{"href":"https:\/\/blogit.lab.fi\/innovations\/wp-json\/wp\/v2\/pages\/41","targetHints":{"allow":["GET"]}}],"collection":[{"href":"https:\/\/blogit.lab.fi\/innovations\/wp-json\/wp\/v2\/pages"}],"about":[{"href":"https:\/\/blogit.lab.fi\/innovations\/wp-json\/wp\/v2\/types\/page"}],"author":[{"embeddable":true,"href":"https:\/\/blogit.lab.fi\/innovations\/wp-json\/wp\/v2\/users\/7"}],"replies":[{"embeddable":true,"href":"https:\/\/blogit.lab.fi\/innovations\/wp-json\/wp\/v2\/comments?post=41"}],"version-history":[{"count":16,"href":"https:\/\/blogit.lab.fi\/innovations\/wp-json\/wp\/v2\/pages\/41\/revisions"}],"predecessor-version":[{"id":213,"href":"https:\/\/blogit.lab.fi\/innovations\/wp-json\/wp\/v2\/pages\/41\/revisions\/213"}],"up":[{"embeddable":true,"href":"https:\/\/blogit.lab.fi\/innovations\/wp-json\/wp\/v2\/pages\/19"}],"wp:attachment":[{"href":"https:\/\/blogit.lab.fi\/innovations\/wp-json\/wp\/v2\/media?parent=41"}],"curies":[{"name":"wp","href":"https:\/\/api.w.org\/{rel}","templated":true}]}}