{"id":33,"date":"2020-04-16T11:53:51","date_gmt":"2020-04-16T11:53:51","guid":{"rendered":"https:\/\/blogit.lab.fi\/labfocus\/?page_id=33"},"modified":"2020-04-16T15:25:05","modified_gmt":"2020-04-16T12:25:05","slug":"kategoriat","status":"publish","type":"page","link":"https:\/\/blogit.lab.fi\/labfocus\/kategoriat\/","title":{"rendered":"Kategoriat"},"content":{"rendered":"<ul class=\"wp-block-categories-list wp-block-categories\">\t<li class=\"cat-item cat-item-758\"><a href=\"https:\/\/blogit.lab.fi\/labfocus\/category\/business-design-and-thick-value-2\/\">Business design and thick value<\/a>\n<\/li>\n\t<li class=\"cat-item cat-item-23\"><a href=\"https:\/\/blogit.lab.fi\/labfocus\/category\/circular-economy_fi\/\">Circular Economy<\/a>\n<ul class='children'>\n\t<li class=\"cat-item cat-item-7519\"><a href=\"https:\/\/blogit.lab.fi\/labfocus\/category\/circular-economy_fi\/bioperaiset-materiaalikierrot\/\">Bioper\u00e4iset materiaalikierrot<\/a>\n<\/li>\n\t<li class=\"cat-item cat-item-7501\"><a href=\"https:\/\/blogit.lab.fi\/labfocus\/category\/circular-economy_fi\/hiilineutraali-yhdyskunta\/\">Hiilineutraali yhdyskunta<\/a>\n<\/li>\n\t<li class=\"cat-item cat-item-33\"><a href=\"https:\/\/blogit.lab.fi\/labfocus\/category\/circular-economy_fi\/kestavat-yhteisot\/\">Kest\u00e4v\u00e4t yhteis\u00f6t<\/a>\n<\/li>\n\t<li class=\"cat-item cat-item-35\"><a href=\"https:\/\/blogit.lab.fi\/labfocus\/category\/circular-economy_fi\/kiertotalouden-uudistuvat-systeemit\/\">Kiertotalouden uudistuvat systeemit<\/a>\n<\/li>\n\t<li class=\"cat-item cat-item-49\"><a href=\"https:\/\/blogit.lab.fi\/labfocus\/category\/circular-economy_fi\/tekniset-materiaalikierrot\/\">Tekniset materiaalikierrot<\/a>\n<\/li>\n<\/ul>\n<\/li>\n\t<li class=\"cat-item cat-item-25\"><a href=\"https:\/\/blogit.lab.fi\/labfocus\/en\/category\/circular-economy\/\">Circular Economy<\/a>\n<ul class='children'>\n\t<li class=\"cat-item cat-item-7521\"><a href=\"https:\/\/blogit.lab.fi\/labfocus\/en\/category\/circular-economy\/biological-cycles\/\">Biological cycles<\/a>\n<\/li>\n\t<li class=\"cat-item cat-item-7503\"><a href=\"https:\/\/blogit.lab.fi\/labfocus\/en\/category\/circular-economy\/carbon-neutral-built-environment\/\">Carbon-neutral built environment<\/a>\n<\/li>\n\t<li class=\"cat-item cat-item-59\"><a href=\"https:\/\/blogit.lab.fi\/labfocus\/en\/category\/circular-economy\/sustainable-societies\/\">Sustainable societies<\/a>\n<\/li>\n\t<li class=\"cat-item cat-item-95\"><a href=\"https:\/\/blogit.lab.fi\/labfocus\/en\/category\/circular-economy\/technical-cycles\/\">Technical cycles<\/a>\n<\/li>\n<\/ul>\n<\/li>\n\t<li class=\"cat-item cat-item-11\"><a href=\"https:\/\/blogit.lab.fi\/labfocus\/category\/design_fi\/\">Design<\/a>\n<ul class='children'>\n\t<li class=\"cat-item cat-item-4297\"><a href=\"https:\/\/blogit.lab.fi\/labfocus\/category\/design_fi\/asiakaskokemus-ja-ihmislahtoinen-muotoilu\/\">Asiakaskokemus ja ihmisl\u00e4ht\u00f6inen muotoilu<\/a>\n<\/li>\n\t<li class=\"cat-item cat-item-4305\"><a href=\"https:\/\/blogit.lab.fi\/labfocus\/category\/design_fi\/kestavien-tuotteiden-palveluiden-ja-ympariston-muotoilu\/\">Kest\u00e4vien tuotteiden, palveluiden ja ymp\u00e4rist\u00f6n muotoilu<\/a>\n<\/li>\n\t<li class=\"cat-item cat-item-466\"><a href=\"https:\/\/blogit.lab.fi\/labfocus\/category\/design_fi\/kestavien-tuotteiden-palveluiden-ja-ymparistojen-muotoilu\/\">Muotoilu kest\u00e4v\u00e4n liiketoiminnan v\u00e4lineen\u00e4<\/a>\n<\/li>\n\t<li class=\"cat-item cat-item-2761\"><a href=\"https:\/\/blogit.lab.fi\/labfocus\/category\/design_fi\/taide-julkisessa-tilassa\/\">Taide julkisessa tilassa<\/a>\n<\/li>\n<\/ul>\n<\/li>\n\t<li class=\"cat-item cat-item-13\"><a href=\"https:\/\/blogit.lab.fi\/labfocus\/en\/category\/design\/\">Design<\/a>\n<ul class='children'>\n\t<li class=\"cat-item cat-item-3206\"><a href=\"https:\/\/blogit.lab.fi\/labfocus\/en\/category\/design\/art-in-public-spaces\/\">Art in public spaces<\/a>\n<\/li>\n\t<li class=\"cat-item cat-item-4299\"><a href=\"https:\/\/blogit.lab.fi\/labfocus\/en\/category\/design\/customer-experience-human-centered-design\/\">Customer experience and human-centred design<\/a>\n<\/li>\n\t<li class=\"cat-item cat-item-2294\"><a href=\"https:\/\/blogit.lab.fi\/labfocus\/en\/category\/design\/designing-sustainable-business\/\">Design for sustainable business<\/a>\n<\/li>\n\t<li class=\"cat-item cat-item-10293\"><a href=\"https:\/\/blogit.lab.fi\/labfocus\/en\/category\/design\/kestavien-tuotteiden-palveluiden-ja-ympariston-muotoilu-en\/\">Kest\u00e4vien tuotteiden, palveluiden ja ymp\u00e4rist\u00f6n muotoilu<\/a>\n<\/li>\n<\/ul>\n<\/li>\n\t<li class=\"cat-item cat-item-551\"><a href=\"https:\/\/blogit.lab.fi\/labfocus\/en\/category\/general\/\">General<\/a>\n<\/li>\n\t<li class=\"cat-item cat-item-17\"><a href=\"https:\/\/blogit.lab.fi\/labfocus\/en\/category\/health\/\">Health<\/a>\n<ul class='children'>\n\t<li class=\"cat-item cat-item-3976\"><a href=\"https:\/\/blogit.lab.fi\/labfocus\/en\/category\/health\/data-and-technology-for-well-being\/\">Data and technology for well-being<\/a>\n<\/li>\n\t<li class=\"cat-item cat-item-395\"><a href=\"https:\/\/blogit.lab.fi\/labfocus\/en\/category\/health\/social-inclusion-the-working-world-and-everyday-safety\/\">Social inclusion, the working world, and everyday safety<\/a>\n<\/li>\n\t<li class=\"cat-item cat-item-393\"><a href=\"https:\/\/blogit.lab.fi\/labfocus\/en\/category\/health\/well-being-from-the-living-environment-physical-activity-and-tourism\/\">Well-being from the living environment, physical activity and tourism<\/a>\n<\/li>\n<\/ul>\n<\/li>\n\t<li class=\"cat-item cat-item-15\"><a href=\"https:\/\/blogit.lab.fi\/labfocus\/category\/health_fi\/\">Health<\/a>\n<ul class='children'>\n\t<li class=\"cat-item cat-item-3974\"><a href=\"https:\/\/blogit.lab.fi\/labfocus\/category\/health_fi\/data-ja-teknologia-hyvinvoinnin-tukena\/\">Data ja teknologia hyvinvoinnin tukena<\/a>\n<\/li>\n\t<li class=\"cat-item cat-item-147\"><a href=\"https:\/\/blogit.lab.fi\/labfocus\/category\/health_fi\/hyvinvointia-liikkumisesta-ja-elinymparistosta\/\">Hyvinvointia elinymp\u00e4rist\u00f6st\u00e4, liikkumisesta ja matkailusta<\/a>\n<\/li>\n\t<li class=\"cat-item cat-item-119\"><a href=\"https:\/\/blogit.lab.fi\/labfocus\/category\/health_fi\/osallisuuden-edistaminen-ja-turvallinen-arki\/\">Osallisuus, ty\u00f6el\u00e4m\u00e4 ja turvallinen arki<\/a>\n<\/li>\n<\/ul>\n<\/li>\n\t<li class=\"cat-item cat-item-19\"><a href=\"https:\/\/blogit.lab.fi\/labfocus\/category\/innovations_fi\/\">Innovations<\/a>\n<ul class='children'>\n\t<li class=\"cat-item cat-item-435\"><a href=\"https:\/\/blogit.lab.fi\/labfocus\/category\/innovations_fi\/innovaatioiden-kokeiluymparistot\/\">Innovaatioiden kokeiluymp\u00e4rist\u00f6t<\/a>\n<\/li>\n\t<li class=\"cat-item cat-item-403\"><a href=\"https:\/\/blogit.lab.fi\/labfocus\/category\/innovations_fi\/liiketoiminnan-muotoilu-ja-runsas-arvo\/\">Liiketoiminnan muotoilu ja runsas arvo<\/a>\n<\/li>\n\t<li class=\"cat-item cat-item-399\"><a href=\"https:\/\/blogit.lab.fi\/labfocus\/category\/innovations_fi\/radikaalit-uudet-avaukset\/\">Radikaalit uudet avaukset<\/a>\n<\/li>\n\t<li class=\"cat-item cat-item-407\"><a href=\"https:\/\/blogit.lab.fi\/labfocus\/category\/innovations_fi\/uudistuva-ja-kehittyva-yrittajyys\/\">Uudistuva ja kehittyv\u00e4 yritt\u00e4jyys<\/a>\n<\/li>\n<\/ul>\n<\/li>\n\t<li class=\"cat-item cat-item-21\"><a href=\"https:\/\/blogit.lab.fi\/labfocus\/en\/category\/innovations\/\">Innovations<\/a>\n<ul class='children'>\n\t<li class=\"cat-item cat-item-756\"><a href=\"https:\/\/blogit.lab.fi\/labfocus\/en\/category\/innovations\/business-design-and-thick-value\/\">Business design and thick value<\/a>\n<\/li>\n\t<li class=\"cat-item cat-item-443\"><a href=\"https:\/\/blogit.lab.fi\/labfocus\/en\/category\/innovations\/experimental-development-ecosystems-for-innovations\/\">Experimental development ecosystems for innovations<\/a>\n<\/li>\n\t<li class=\"cat-item cat-item-2719\"><a href=\"https:\/\/blogit.lab.fi\/labfocus\/en\/category\/innovations\/new-radical-initiatives\/\">New radical initiatives<\/a>\n<\/li>\n\t<li class=\"cat-item cat-item-2329\"><a href=\"https:\/\/blogit.lab.fi\/labfocus\/en\/category\/innovations\/renewing-and-evolving-entrepreneurship\/\">Renewing and evolving entrepreneurship<\/a>\n<\/li>\n<\/ul>\n<\/li>\n\t<li class=\"cat-item cat-item-1205\"><a href=\"https:\/\/blogit.lab.fi\/labfocus\/category\/liiketoiminnan-muotoilu-ja-runsas-arvo-2\/\">Liiketoiminnan muotoilu ja runsas arvo<\/a>\n<\/li>\n\t<li class=\"cat-item cat-item-2380\"><a href=\"https:\/\/blogit.lab.fi\/labfocus\/category\/renewing-and-evolving-entrepreneurship-2\/\">Renewing and evolving entrepreneurship<\/a>\n<\/li>\n\t<li class=\"cat-item cat-item-1\"><a href=\"https:\/\/blogit.lab.fi\/labfocus\/category\/uncategorized\/\">Uncategorized<\/a>\n<\/li>\n\t<li class=\"cat-item cat-item-7655\"><a href=\"https:\/\/blogit.lab.fi\/labfocus\/en\/category\/uncategorized-en\/\">Uncategorized<\/a>\n<\/li>\n\t<li class=\"cat-item cat-item-43\"><a href=\"https:\/\/blogit.lab.fi\/labfocus\/category\/yleinen-fi\/\">Yleinen<\/a>\n<\/li>\n<\/ul>","protected":false},"excerpt":{"rendered":"","protected":false},"author":2,"featured_media":0,"parent":0,"menu_order":0,"comment_status":"closed","ping_status":"closed","template":"","meta":{"footnotes":""},"class_list":["post-33","page","type-page","status-publish","czr-hentry"],"yoast_head":"<!-- This site is optimized with the Yoast SEO plugin v27.4 - https:\/\/yoast.com\/product\/yoast-seo-wordpress\/ -->\n<title>Kategoriat - LAB Focus<\/title>\n<meta name=\"robots\" content=\"index, follow, max-snippet:-1, max-image-preview:large, max-video-preview:-1\" \/>\n<link rel=\"canonical\" href=\"https:\/\/blogit.lab.fi\/labfocus\/kategoriat\/\" \/>\n<meta property=\"og:locale\" content=\"fi_FI\" \/>\n<meta property=\"og:type\" content=\"article\" \/>\n<meta property=\"og:title\" content=\"Kategoriat - LAB Focus\" \/>\n<meta property=\"og:url\" content=\"https:\/\/blogit.lab.fi\/labfocus\/kategoriat\/\" \/>\n<meta property=\"og:site_name\" content=\"LAB Focus\" \/>\n<meta property=\"article:modified_time\" content=\"2020-04-16T12:25:05+00:00\" \/>\n<meta name=\"twitter:card\" content=\"summary_large_image\" \/>\n<meta name=\"twitter:site\" content=\"@LABfinland\" \/>\n<script type=\"application\/ld+json\" class=\"yoast-schema-graph\">{\"@context\":\"https:\\\/\\\/schema.org\",\"@graph\":[{\"@type\":\"WebPage\",\"@id\":\"https:\\\/\\\/blogit.lab.fi\\\/labfocus\\\/kategoriat\\\/\",\"url\":\"https:\\\/\\\/blogit.lab.fi\\\/labfocus\\\/kategoriat\\\/\",\"name\":\"Kategoriat - LAB Focus\",\"isPartOf\":{\"@id\":\"https:\\\/\\\/blogit.lab.fi\\\/labfocus\\\/#website\"},\"datePublished\":\"2020-04-16T11:53:51+00:00\",\"dateModified\":\"2020-04-16T12:25:05+00:00\",\"breadcrumb\":{\"@id\":\"https:\\\/\\\/blogit.lab.fi\\\/labfocus\\\/kategoriat\\\/#breadcrumb\"},\"inLanguage\":\"fi\",\"potentialAction\":[{\"@type\":\"ReadAction\",\"target\":[\"https:\\\/\\\/blogit.lab.fi\\\/labfocus\\\/kategoriat\\\/\"]}]},{\"@type\":\"BreadcrumbList\",\"@id\":\"https:\\\/\\\/blogit.lab.fi\\\/labfocus\\\/kategoriat\\\/#breadcrumb\",\"itemListElement\":[{\"@type\":\"ListItem\",\"position\":1,\"name\":\"Home\",\"item\":\"https:\\\/\\\/blogit.lab.fi\\\/labfocus\\\/\"},{\"@type\":\"ListItem\",\"position\":2,\"name\":\"Kategoriat\"}]},{\"@type\":\"WebSite\",\"@id\":\"https:\\\/\\\/blogit.lab.fi\\\/labfocus\\\/#website\",\"url\":\"https:\\\/\\\/blogit.lab.fi\\\/labfocus\\\/\",\"name\":\"LAB Focus\",\"description\":\"Focus Area blog | LAB University of Applied Sciences\",\"publisher\":{\"@id\":\"https:\\\/\\\/blogit.lab.fi\\\/labfocus\\\/#organization\"},\"potentialAction\":[{\"@type\":\"SearchAction\",\"target\":{\"@type\":\"EntryPoint\",\"urlTemplate\":\"https:\\\/\\\/blogit.lab.fi\\\/labfocus\\\/?s={search_term_string}\"},\"query-input\":{\"@type\":\"PropertyValueSpecification\",\"valueRequired\":true,\"valueName\":\"search_term_string\"}}],\"inLanguage\":\"fi\"},{\"@type\":\"Organization\",\"@id\":\"https:\\\/\\\/blogit.lab.fi\\\/labfocus\\\/#organization\",\"name\":\"LAB Focus\",\"url\":\"https:\\\/\\\/blogit.lab.fi\\\/labfocus\\\/\",\"logo\":{\"@type\":\"ImageObject\",\"inLanguage\":\"fi\",\"@id\":\"https:\\\/\\\/blogit.lab.fi\\\/labfocus\\\/#\\\/schema\\\/logo\\\/image\\\/\",\"url\":\"https:\\\/\\\/blogit.lab.fi\\\/labfocus\\\/wp-content\\\/uploads\\\/sites\\\/8\\\/2020\\\/04\\\/cropped-cropped-tunnus_blogi-01.png\",\"contentUrl\":\"https:\\\/\\\/blogit.lab.fi\\\/labfocus\\\/wp-content\\\/uploads\\\/sites\\\/8\\\/2020\\\/04\\\/cropped-cropped-tunnus_blogi-01.png\",\"width\":1342,\"height\":288,\"caption\":\"LAB Focus\"},\"image\":{\"@id\":\"https:\\\/\\\/blogit.lab.fi\\\/labfocus\\\/#\\\/schema\\\/logo\\\/image\\\/\"},\"sameAs\":[\"https:\\\/\\\/x.com\\\/LABfinland\"]}]}<\/script>\n<!-- \/ Yoast SEO plugin. -->","yoast_head_json":{"title":"Kategoriat - LAB Focus","robots":{"index":"index","follow":"follow","max-snippet":"max-snippet:-1","max-image-preview":"max-image-preview:large","max-video-preview":"max-video-preview:-1"},"canonical":"https:\/\/blogit.lab.fi\/labfocus\/kategoriat\/","og_locale":"fi_FI","og_type":"article","og_title":"Kategoriat - LAB Focus","og_url":"https:\/\/blogit.lab.fi\/labfocus\/kategoriat\/","og_site_name":"LAB Focus","article_modified_time":"2020-04-16T12:25:05+00:00","twitter_card":"summary_large_image","twitter_site":"@LABfinland","schema":{"@context":"https:\/\/schema.org","@graph":[{"@type":"WebPage","@id":"https:\/\/blogit.lab.fi\/labfocus\/kategoriat\/","url":"https:\/\/blogit.lab.fi\/labfocus\/kategoriat\/","name":"Kategoriat - LAB Focus","isPartOf":{"@id":"https:\/\/blogit.lab.fi\/labfocus\/#website"},"datePublished":"2020-04-16T11:53:51+00:00","dateModified":"2020-04-16T12:25:05+00:00","breadcrumb":{"@id":"https:\/\/blogit.lab.fi\/labfocus\/kategoriat\/#breadcrumb"},"inLanguage":"fi","potentialAction":[{"@type":"ReadAction","target":["https:\/\/blogit.lab.fi\/labfocus\/kategoriat\/"]}]},{"@type":"BreadcrumbList","@id":"https:\/\/blogit.lab.fi\/labfocus\/kategoriat\/#breadcrumb","itemListElement":[{"@type":"ListItem","position":1,"name":"Home","item":"https:\/\/blogit.lab.fi\/labfocus\/"},{"@type":"ListItem","position":2,"name":"Kategoriat"}]},{"@type":"WebSite","@id":"https:\/\/blogit.lab.fi\/labfocus\/#website","url":"https:\/\/blogit.lab.fi\/labfocus\/","name":"LAB Focus","description":"Focus Area blog | LAB University of Applied Sciences","publisher":{"@id":"https:\/\/blogit.lab.fi\/labfocus\/#organization"},"potentialAction":[{"@type":"SearchAction","target":{"@type":"EntryPoint","urlTemplate":"https:\/\/blogit.lab.fi\/labfocus\/?s={search_term_string}"},"query-input":{"@type":"PropertyValueSpecification","valueRequired":true,"valueName":"search_term_string"}}],"inLanguage":"fi"},{"@type":"Organization","@id":"https:\/\/blogit.lab.fi\/labfocus\/#organization","name":"LAB Focus","url":"https:\/\/blogit.lab.fi\/labfocus\/","logo":{"@type":"ImageObject","inLanguage":"fi","@id":"https:\/\/blogit.lab.fi\/labfocus\/#\/schema\/logo\/image\/","url":"https:\/\/blogit.lab.fi\/labfocus\/wp-content\/uploads\/sites\/8\/2020\/04\/cropped-cropped-tunnus_blogi-01.png","contentUrl":"https:\/\/blogit.lab.fi\/labfocus\/wp-content\/uploads\/sites\/8\/2020\/04\/cropped-cropped-tunnus_blogi-01.png","width":1342,"height":288,"caption":"LAB Focus"},"image":{"@id":"https:\/\/blogit.lab.fi\/labfocus\/#\/schema\/logo\/image\/"},"sameAs":["https:\/\/x.com\/LABfinland"]}]}},"_links":{"self":[{"href":"https:\/\/blogit.lab.fi\/labfocus\/wp-json\/wp\/v2\/pages\/33","targetHints":{"allow":["GET"]}}],"collection":[{"href":"https:\/\/blogit.lab.fi\/labfocus\/wp-json\/wp\/v2\/pages"}],"about":[{"href":"https:\/\/blogit.lab.fi\/labfocus\/wp-json\/wp\/v2\/types\/page"}],"author":[{"embeddable":true,"href":"https:\/\/blogit.lab.fi\/labfocus\/wp-json\/wp\/v2\/users\/2"}],"replies":[{"embeddable":true,"href":"https:\/\/blogit.lab.fi\/labfocus\/wp-json\/wp\/v2\/comments?post=33"}],"version-history":[{"count":2,"href":"https:\/\/blogit.lab.fi\/labfocus\/wp-json\/wp\/v2\/pages\/33\/revisions"}],"predecessor-version":[{"id":353,"href":"https:\/\/blogit.lab.fi\/labfocus\/wp-json\/wp\/v2\/pages\/33\/revisions\/353"}],"wp:attachment":[{"href":"https:\/\/blogit.lab.fi\/labfocus\/wp-json\/wp\/v2\/media?parent=33"}],"curies":[{"name":"wp","href":"https:\/\/api.w.org\/{rel}","templated":true}]}}