{"id":47,"date":"2020-04-16T12:00:43","date_gmt":"2020-04-16T12:00:43","guid":{"rendered":"https:\/\/blogit.lab.fi\/labfocus\/?page_id=47"},"modified":"2026-03-23T14:33:30","modified_gmt":"2026-03-23T12:33:30","slug":"kirjoittajalle","status":"publish","type":"page","link":"https:\/\/blogit.lab.fi\/labfocus\/kirjoittajalle\/","title":{"rendered":"Kirjoittajaohje"},"content":{"rendered":"\n<p>LAB Focus julkaisee ammattiyhteis\u00f6lle suunnattuja artikkeleita (<a href=\"https:\/\/wiki.eduuni.fi\/display\/cscsuorat\/7.5+Julkaisutyypit+2023#id-7.5Julkaisutyypit2023-E1Yleistajuinenartikkeli,sanomalehtiartikkeli\">ks. OKM:n julkaisutyyppi D1<\/a>), jotka perustuvat tekij\u00e4n asiantuntijuuteen ja LAB-ammattikorkeakoulussa tehtyyn ty\u00f6h\u00f6n. Artikkelit voivat olla mm. katsauksia opetuksen kehityksest\u00e4, hankkeiden kuulumisia tai perusteltuja kannanottoja ajankohtaiseen keskusteluun. Artikkelien tulee sis\u00e4lt\u00e4\u00e4 uutta tietoa tai uusia n\u00e4k\u00f6kulmia k\u00e4sitelt\u00e4v\u00e4st\u00e4 aiheesta. Artikkelikielen\u00e4 on suomi tai englanti. Artikkelin tekij\u00f6iss\u00e4 voi olla mukana LABin ulkopuolisia henkil\u00f6it\u00e4, kuitenkin niin ett\u00e4 my\u00f6s LABin oman henkil\u00f6kunnan panos n\u00e4kyy tekstiss\u00e4.<\/p>\n\n\n\n<p>Tutustu n\u00e4ihin ohjeisiin huolellisesti jo ennen kuin aloitat kirjoittamisen. Vinkkej\u00e4 kirjoitusty\u00f6h\u00f6n l\u00f6ytyy my\u00f6s <a href=\"https:\/\/libguides.lut.fi\/LAB_julkaisijalle\/vinkit\">LAB Julkaisijan oppaasta<\/a>.<\/p>\n\n\n\n<h2 class=\"wp-block-heading\">Yhteiskirjoitukset<\/h2>\n\n\n\n<p>LAB Focuksessa julkaistaan amk-opinn\u00e4ytet\u00f6ihin tai hanke- ja kehitt\u00e4mistoimintaan pohjautuvia yhteisartikkeleita. <\/p>\n\n\n\n<p>Opettajan panoksen tulee n\u00e4ky\u00e4 yhdess\u00e4 opiskelijan kanssa kirjoitetuissa artikkeleissa. Opinn\u00e4ytety\u00f6n pohjalta kirjoitetut artikkelit eiv\u00e4t saa olla pelkki\u00e4 tiivistelmi\u00e4, vaan ty\u00f6st\u00e4 tulee nostaa esiin jokin tietty n\u00e4k\u00f6kulma, jota artikkelissa k\u00e4sitell\u00e4\u00e4n ja syvennet\u00e4\u00e4n. Suositus on, ett\u00e4 artikkelissa olisi uutta materiaalia noin kolmannes. Lis\u00e4tietoja yhteiskirjoittamisesta l\u00f6yd\u00e4t Yhteiskirjoittamisen ohjeesta: <\/p>\n\n\n\n<p><a href=\"https:\/\/libguides.lut.fi\/LAB_julkaisijalle\/yhteiskirjoittaminen\">https:\/\/libguides.lut.fi\/LAB_julkaisijalle\/yhteiskirjoittaminen<\/a><\/p>\n\n\n\n<p>YAMK-opinn\u00e4ytet\u00f6ihin pohjautuvia artikkeleita voi tarjota <a href=\"https:\/\/www.labopen.fi\/lab-pro\/\">LAB Prohon<\/a>.<\/p>\n\n\n\n<h2 class=\"wp-block-heading\">Artikkelin sis\u00e4lt\u00f6 ja rakenne<\/h2>\n\n\n\n<p>Tarjoa teksti\u00e4 ensisijaisesti v\u00e4hint\u00e4\u00e4n yhteen blogikategoriaan. <a href=\"https:\/\/blogit.lab.fi\/labfocus\/kategoriat\/\">Tutustu blogikategorioihin LAB Focus -blogin v\u00e4lilehdelt\u00e4 kategoriat<\/a>.<\/p>\n\n\n\n<ul class=\"wp-block-list\">\n<li>Ohjepituus 4000&nbsp;merkki\u00e4 mukaan lukien v\u00e4lit (pl. l\u00e4hdeluettelo ja kirjoittajakuvaus)<\/li>\n\n\n\n<li>Rakenne: p\u00e4\u00e4otsikko, artikkeliteksti + v\u00e4hint\u00e4\u00e4n 1 v\u00e4liotsikko<\/li>\n\n\n\n<li>L\u00e4hdeviittauksissa ja l\u00e4hdeluettelossa k\u00e4ytet\u00e4\u00e4n Harvardin nimi-vuosij\u00e4rjestelm\u00e4\u00e4. <a href=\"https:\/\/libguides.lut.fi\/LAB_julkaisijalle\/viittaaminen\">Katso ohjeet LAB julkaisijan opas: L\u00e4hdeluettelo ja viittaaminen<\/a><\/li>\n\n\n\n<li>Artikkelikuva: v\u00e4hint\u00e4\u00e4n 1 vaakamuotoinen kuva (1280x640px)<\/li>\n\n\n\n<li>Kirjoittajakuvaus tiivistettyn\u00e4 1-2 lauseeseen (nimi, teht\u00e4v\u00e4, hanke\/koulutusala, organisaatio) lis\u00e4t\u00e4\u00e4n artikkelin loppuun<\/li>\n\n\n\n<li>M\u00e4\u00e4rittele artikkelille 1-3 hakukoneyst\u00e4v\u00e4llist\u00e4 asiasanaa<\/li>\n<\/ul>\n\n\n\n<p>L\u00e4het\u00e4 artikkeliehdotus word-dokumenttina s\u00e4hk\u00f6postilla: <a href=\"mailto:labfocus@lab.fi\" target=\"_blank\" rel=\"noreferrer noopener\">labfocus@lab.fi<\/a><\/p>\n\n\n\n<h2 class=\"wp-block-heading\">Kuvitus ja linkit<\/h2>\n\n\n\n<p>Tekstiin voi liitt\u00e4\u00e4 kuvien lis\u00e4ksi taulukoita, kuvioita, videoita tai linkkej\u00e4.<\/p>\n\n\n\n<ul class=\"wp-block-list\">\n<li>L\u00e4het\u00e4 vaakamuotoiset kuvat, taulukot ja kuviot erillisin\u00e4 tiedostoina (jpg tai png) ja videot linkkein\u00e4 tai erillisin\u00e4 tiedostoina.<\/li>\n\n\n\n<li>Merkitse kuvituksen paikka selke\u00e4sti tekstiin ja numeroi kuvat juoksevasti. Laadi kuvitukselle kuvatekstit. <em>Esim. Kuva 1. Kuvaileva kuvateksti.<\/em><\/li>\n\n\n\n<li>Lis\u00e4\u00e4 kuvien olennainen sis\u00e4lt\u00f6 ns. alt-tekstin\u00e4 kuvatekstin yhteyteen. Lis\u00e4\u00e4 saavutettavuudesta Saavutettavuus-v\u00e4lilehdell\u00e4.<\/li>\n\n\n\n<li>Kuvien, videoiden ja kuvien l\u00e4hteet merkit\u00e4\u00e4n tekstiviittausk\u00e4yt\u00e4nteen mukaisesti kuvatekstin yhteyteen ja l\u00e4hdeluetteloon.\n<ul class=\"wp-block-list\">\n<li>Jos kuvaa ei ole julkaistu aikaisemmin, merkit\u00e4\u00e4n kuvatekstin per\u00e4\u00e4n kuvan tekij\u00e4n etu- ja sukunimi: Kuva 1. Kuvaileva kuvateksti (Kuva: Maija Meik\u00e4l\u00e4inen). <em><\/em><\/li>\n\n\n\n<li>Jos kuva on julkaistu aikaisemmin, siihen viitataan kuten tekstil\u00e4hteeseen ja kuval\u00e4hteen tarkemmat tiedot merkit\u00e4\u00e4n l\u00e4hdeluetteloon: Kuva 1. Kuvaileva kuvateksti (Meik\u00e4l\u00e4inen 2022, 36)<em><\/em><\/li>\n<\/ul>\n<\/li>\n\n\n\n<li>Varmista aina kuvan k\u00e4ytt\u00f6oikeus, jos et ole ottanut kuvaa itse.<\/li>\n\n\n\n<li>Teko\u00e4lyll\u00e4 tuotettuihin kuviin merkit\u00e4\u00e4n teko\u00e4lyn l\u00e4hde sek\u00e4 henkil\u00f6, joka kuvan on tuottanut ja muokannut, esim. (Kuva: DALL-E \/ Kaisa Kirjoittaja)<\/li>\n<\/ul>\n\n\n\n<p>Linkitykset dokumentteihin tai muille verkkosivuille tehd\u00e4\u00e4n niin, ett\u00e4 linkit merkit\u00e4\u00e4n erilleen muusta tekstist\u00e4. Linkit luetteloidaan erilliseen Linkit-luetteloon. Tekstiin upotettuja hyperlinkkej\u00e4 ei suosita saavutettavuussyist\u00e4.<\/p>\n\n\n\n<h2 class=\"wp-block-heading\">Teko\u00e4lyn k\u00e4ytt\u00f6<\/h2>\n\n\n\n<p>LABin omia julkaisukanavia koskeva teko\u00e4lyohjeistus l\u00f6ytyy Julkaisijan oppaasta sek\u00e4 suomeksi <a href=\"https:\/\/libguides.lut.fi\/LAB_julkaisijalle\/tekoaly\" target=\"_blank\" rel=\"noreferrer noopener\">https:\/\/libguides.lut.fi\/LAB_julkaisijalle\/tekoaly<\/a> ett\u00e4 englanniksi <a href=\"https:\/\/libguides.lut.fi\/LABguidetopublishing\/generative_AI\" target=\"_blank\" rel=\"noreferrer noopener\">https:\/\/libguides.lut.fi\/LABguidetopublishing\/generative_AI<\/a>.<\/p>\n\n\n\n<h2 class=\"wp-block-heading\">Tekij\u00e4noikeudet<\/h2>\n\n\n\n<p>LAB Focuksen k\u00e4yt\u00f6ss\u00e4 on oletusarvoisesti Creative Commons -lisenssi <a href=\"https:\/\/creativecommons.org\/licenses\/by-sa\/4.0\/\" target=\"_blank\" rel=\"noreferrer noopener\">CC BY-SA<\/a>. T\u00e4m\u00e4 tarkoittaa sit\u00e4, ett\u00e4 kuka tahansa voi jakaa, kopioida ja muokata julkaisua, kunhan mainitsee tekij\u00e4n nimen, merkitsee linkin alkuper\u00e4iseen tuotokseen ja jakaa aineiston edelleen samalla lisenssill\u00e4.<\/p>\n\n\n\n<h2 class=\"wp-block-heading\">Julkaiseminen<\/h2>\n\n\n\n<p>Kirjoittajat edustavat omia n\u00e4kemyksi\u00e4\u00e4n ja vastaavat itse artikkelien sis\u00e4ll\u00f6st\u00e4 sek\u00e4 oikeakielisyydest\u00e4. LAB Focus -verkkoportaalilla on julkaisuoikeus sille toimitettuun materiaaliin, mutta tekij\u00e4noikeus ja vastuu mahdollisten muiden materiaaliin liittyvien tekij\u00e4noikeuksien (mm. plagiointi) noudattamisesta s\u00e4ilyy kirjoittajalla.<\/p>\n\n\n\n<p>Julkaisemisesta p\u00e4\u00e4tt\u00e4\u00e4 ja vastaa blogin toimituskunta. Kirjoittajaa voidaan pyyt\u00e4\u00e4 muokkaamaan teksti\u00e4\u00e4n ennen julkaisua, mink\u00e4 lis\u00e4ksi toimituksella on oikeus editoida teksti\u00e4 ja korjata huomaamansa kirjoitusvirheet. Toimitus voi my\u00f6s ohjata kirjoittajaa tarjoamaan artikkelia tekstin sis\u00e4lt\u00f6\u00e4 tai kohderyhm\u00e4\u00e4 paremmin vastaavalle julkaisufoorumille.<\/p>\n\n\n\n<p>Kaikki artikkelik\u00e4sikirjoitukset l\u00e4hetet\u00e4\u00e4n toimituskunnalle arvioitavaksi osoitteeseen <a href=\"\/Users\/sallinii\/AppData\/Local\/Microsoft\/Windows\/INetCache\/Content.Outlook\/LXDQP004\/labfocus@lab.fi\">labfocus@lab.fi<\/a>.<\/p>\n\n\n\n<h2 class=\"wp-block-heading\">Julkaisupalkkio<\/h2>\n\n\n\n<p>LAB-ammattikorkeakoulun tulospalkkiolinjauksen mukaisesti julkaisupalkkio maksetaan LABin tutkinto-opiskelijoille ja henkil\u00f6kunnalle kaikista julkaisuista, jotka t\u00e4ytt\u00e4v\u00e4t julkaisutiedonkeruun kriteerit ja jotka on tallennettu JUSTUS-tallennuspalveluun.<\/p>\n\n\n\n<p>Kirjoittaja huolehtii itse julkaisun ilmoittamisesta julkaisurekisteriin sen j\u00e4lkeen, kun teksti on julkaistu. Julkaisurekisteri-ilmoituksen tekemiseen liittyv\u00e4t ohjeet l\u00f6ytyv\u00e4t LAB Julkaisijan oppaasta. <a href=\"https:\/\/libguides.lut.fi\/LAB_julkaisijalle\/ohjeet\">Linkki LAB Julkaisijan opas: Ohjeet julkaisutietojen ilmoittamiseen ja rinnakkaistallentamiseen<\/a>.<\/p>\n\n\n<p><!--EndFragment--><\/p>","protected":false},"excerpt":{"rendered":"<p>LAB Focus julkaisee ammattiyhteis\u00f6lle suunnattuja artikkeleita (ks. OKM:n julkaisutyyppi D1), jotka perustuvat tekij\u00e4n asiantuntijuuteen ja LAB-ammattikorkeakoulussa tehtyyn ty\u00f6h\u00f6n. Artikkelit voivat olla mm. katsauksia opetuksen kehityksest\u00e4, hankkeiden kuulumisia tai perusteltuja kannanottoja ajankohtaiseen keskusteluun. Artikkelien tulee sis\u00e4lt\u00e4\u00e4 uutta tietoa tai uusia n\u00e4k\u00f6kulmia k\u00e4sitelt\u00e4v\u00e4st\u00e4 aiheesta. Artikkelikielen\u00e4 on suomi tai englanti. Artikkelin tekij\u00f6iss\u00e4 voi olla mukana LABin ulkopuolisia henkil\u00f6it\u00e4, [&hellip;]<\/p>\n","protected":false},"author":2,"featured_media":0,"parent":0,"menu_order":0,"comment_status":"closed","ping_status":"closed","template":"","meta":{"footnotes":""},"class_list":["post-47","page","type-page","status-publish","czr-hentry"],"yoast_head":"<!-- This site is optimized with the Yoast SEO plugin v27.4 - https:\/\/yoast.com\/product\/yoast-seo-wordpress\/ -->\n<title>Kirjoittajaohje - LAB Focus<\/title>\n<meta name=\"robots\" content=\"index, follow, max-snippet:-1, max-image-preview:large, max-video-preview:-1\" \/>\n<link rel=\"canonical\" href=\"https:\/\/blogit.lab.fi\/labfocus\/kirjoittajalle\/\" \/>\n<meta property=\"og:locale\" content=\"fi_FI\" \/>\n<meta property=\"og:type\" content=\"article\" \/>\n<meta property=\"og:title\" content=\"Kirjoittajaohje - LAB Focus\" \/>\n<meta property=\"og:description\" content=\"LAB Focus julkaisee ammattiyhteis\u00f6lle suunnattuja artikkeleita (ks. OKM:n julkaisutyyppi D1), jotka perustuvat tekij\u00e4n asiantuntijuuteen ja LAB-ammattikorkeakoulussa tehtyyn ty\u00f6h\u00f6n. Artikkelit voivat olla mm. katsauksia opetuksen kehityksest\u00e4, hankkeiden kuulumisia tai perusteltuja kannanottoja ajankohtaiseen keskusteluun. Artikkelien tulee sis\u00e4lt\u00e4\u00e4 uutta tietoa tai uusia n\u00e4k\u00f6kulmia k\u00e4sitelt\u00e4v\u00e4st\u00e4 aiheesta. Artikkelikielen\u00e4 on suomi tai englanti. Artikkelin tekij\u00f6iss\u00e4 voi olla mukana LABin ulkopuolisia henkil\u00f6it\u00e4, [&hellip;]\" \/>\n<meta property=\"og:url\" content=\"https:\/\/blogit.lab.fi\/labfocus\/kirjoittajalle\/\" \/>\n<meta property=\"og:site_name\" content=\"LAB Focus\" \/>\n<meta property=\"article:modified_time\" content=\"2026-03-23T12:33:30+00:00\" \/>\n<meta name=\"twitter:card\" content=\"summary_large_image\" \/>\n<meta name=\"twitter:site\" content=\"@LABfinland\" \/>\n<meta name=\"twitter:label1\" content=\"Arvioitu lukuaika\" \/>\n\t<meta name=\"twitter:data1\" content=\"4 minuuttia\" \/>\n<script type=\"application\/ld+json\" class=\"yoast-schema-graph\">{\"@context\":\"https:\\\/\\\/schema.org\",\"@graph\":[{\"@type\":\"WebPage\",\"@id\":\"https:\\\/\\\/blogit.lab.fi\\\/labfocus\\\/kirjoittajalle\\\/\",\"url\":\"https:\\\/\\\/blogit.lab.fi\\\/labfocus\\\/kirjoittajalle\\\/\",\"name\":\"Kirjoittajaohje - LAB Focus\",\"isPartOf\":{\"@id\":\"https:\\\/\\\/blogit.lab.fi\\\/labfocus\\\/#website\"},\"datePublished\":\"2020-04-16T12:00:43+00:00\",\"dateModified\":\"2026-03-23T12:33:30+00:00\",\"breadcrumb\":{\"@id\":\"https:\\\/\\\/blogit.lab.fi\\\/labfocus\\\/kirjoittajalle\\\/#breadcrumb\"},\"inLanguage\":\"fi\",\"potentialAction\":[{\"@type\":\"ReadAction\",\"target\":[\"https:\\\/\\\/blogit.lab.fi\\\/labfocus\\\/kirjoittajalle\\\/\"]}]},{\"@type\":\"BreadcrumbList\",\"@id\":\"https:\\\/\\\/blogit.lab.fi\\\/labfocus\\\/kirjoittajalle\\\/#breadcrumb\",\"itemListElement\":[{\"@type\":\"ListItem\",\"position\":1,\"name\":\"Home\",\"item\":\"https:\\\/\\\/blogit.lab.fi\\\/labfocus\\\/\"},{\"@type\":\"ListItem\",\"position\":2,\"name\":\"Kirjoittajaohje\"}]},{\"@type\":\"WebSite\",\"@id\":\"https:\\\/\\\/blogit.lab.fi\\\/labfocus\\\/#website\",\"url\":\"https:\\\/\\\/blogit.lab.fi\\\/labfocus\\\/\",\"name\":\"LAB Focus\",\"description\":\"Focus Area blog | LAB University of Applied Sciences\",\"publisher\":{\"@id\":\"https:\\\/\\\/blogit.lab.fi\\\/labfocus\\\/#organization\"},\"potentialAction\":[{\"@type\":\"SearchAction\",\"target\":{\"@type\":\"EntryPoint\",\"urlTemplate\":\"https:\\\/\\\/blogit.lab.fi\\\/labfocus\\\/?s={search_term_string}\"},\"query-input\":{\"@type\":\"PropertyValueSpecification\",\"valueRequired\":true,\"valueName\":\"search_term_string\"}}],\"inLanguage\":\"fi\"},{\"@type\":\"Organization\",\"@id\":\"https:\\\/\\\/blogit.lab.fi\\\/labfocus\\\/#organization\",\"name\":\"LAB Focus\",\"url\":\"https:\\\/\\\/blogit.lab.fi\\\/labfocus\\\/\",\"logo\":{\"@type\":\"ImageObject\",\"inLanguage\":\"fi\",\"@id\":\"https:\\\/\\\/blogit.lab.fi\\\/labfocus\\\/#\\\/schema\\\/logo\\\/image\\\/\",\"url\":\"https:\\\/\\\/blogit.lab.fi\\\/labfocus\\\/wp-content\\\/uploads\\\/sites\\\/8\\\/2020\\\/04\\\/cropped-cropped-tunnus_blogi-01.png\",\"contentUrl\":\"https:\\\/\\\/blogit.lab.fi\\\/labfocus\\\/wp-content\\\/uploads\\\/sites\\\/8\\\/2020\\\/04\\\/cropped-cropped-tunnus_blogi-01.png\",\"width\":1342,\"height\":288,\"caption\":\"LAB Focus\"},\"image\":{\"@id\":\"https:\\\/\\\/blogit.lab.fi\\\/labfocus\\\/#\\\/schema\\\/logo\\\/image\\\/\"},\"sameAs\":[\"https:\\\/\\\/x.com\\\/LABfinland\"]}]}<\/script>\n<!-- \/ Yoast SEO plugin. -->","yoast_head_json":{"title":"Kirjoittajaohje - LAB Focus","robots":{"index":"index","follow":"follow","max-snippet":"max-snippet:-1","max-image-preview":"max-image-preview:large","max-video-preview":"max-video-preview:-1"},"canonical":"https:\/\/blogit.lab.fi\/labfocus\/kirjoittajalle\/","og_locale":"fi_FI","og_type":"article","og_title":"Kirjoittajaohje - LAB Focus","og_description":"LAB Focus julkaisee ammattiyhteis\u00f6lle suunnattuja artikkeleita (ks. OKM:n julkaisutyyppi D1), jotka perustuvat tekij\u00e4n asiantuntijuuteen ja LAB-ammattikorkeakoulussa tehtyyn ty\u00f6h\u00f6n. Artikkelit voivat olla mm. katsauksia opetuksen kehityksest\u00e4, hankkeiden kuulumisia tai perusteltuja kannanottoja ajankohtaiseen keskusteluun. Artikkelien tulee sis\u00e4lt\u00e4\u00e4 uutta tietoa tai uusia n\u00e4k\u00f6kulmia k\u00e4sitelt\u00e4v\u00e4st\u00e4 aiheesta. Artikkelikielen\u00e4 on suomi tai englanti. Artikkelin tekij\u00f6iss\u00e4 voi olla mukana LABin ulkopuolisia henkil\u00f6it\u00e4, [&hellip;]","og_url":"https:\/\/blogit.lab.fi\/labfocus\/kirjoittajalle\/","og_site_name":"LAB Focus","article_modified_time":"2026-03-23T12:33:30+00:00","twitter_card":"summary_large_image","twitter_site":"@LABfinland","twitter_misc":{"Arvioitu lukuaika":"4 minuuttia"},"schema":{"@context":"https:\/\/schema.org","@graph":[{"@type":"WebPage","@id":"https:\/\/blogit.lab.fi\/labfocus\/kirjoittajalle\/","url":"https:\/\/blogit.lab.fi\/labfocus\/kirjoittajalle\/","name":"Kirjoittajaohje - LAB Focus","isPartOf":{"@id":"https:\/\/blogit.lab.fi\/labfocus\/#website"},"datePublished":"2020-04-16T12:00:43+00:00","dateModified":"2026-03-23T12:33:30+00:00","breadcrumb":{"@id":"https:\/\/blogit.lab.fi\/labfocus\/kirjoittajalle\/#breadcrumb"},"inLanguage":"fi","potentialAction":[{"@type":"ReadAction","target":["https:\/\/blogit.lab.fi\/labfocus\/kirjoittajalle\/"]}]},{"@type":"BreadcrumbList","@id":"https:\/\/blogit.lab.fi\/labfocus\/kirjoittajalle\/#breadcrumb","itemListElement":[{"@type":"ListItem","position":1,"name":"Home","item":"https:\/\/blogit.lab.fi\/labfocus\/"},{"@type":"ListItem","position":2,"name":"Kirjoittajaohje"}]},{"@type":"WebSite","@id":"https:\/\/blogit.lab.fi\/labfocus\/#website","url":"https:\/\/blogit.lab.fi\/labfocus\/","name":"LAB Focus","description":"Focus Area blog | LAB University of Applied Sciences","publisher":{"@id":"https:\/\/blogit.lab.fi\/labfocus\/#organization"},"potentialAction":[{"@type":"SearchAction","target":{"@type":"EntryPoint","urlTemplate":"https:\/\/blogit.lab.fi\/labfocus\/?s={search_term_string}"},"query-input":{"@type":"PropertyValueSpecification","valueRequired":true,"valueName":"search_term_string"}}],"inLanguage":"fi"},{"@type":"Organization","@id":"https:\/\/blogit.lab.fi\/labfocus\/#organization","name":"LAB Focus","url":"https:\/\/blogit.lab.fi\/labfocus\/","logo":{"@type":"ImageObject","inLanguage":"fi","@id":"https:\/\/blogit.lab.fi\/labfocus\/#\/schema\/logo\/image\/","url":"https:\/\/blogit.lab.fi\/labfocus\/wp-content\/uploads\/sites\/8\/2020\/04\/cropped-cropped-tunnus_blogi-01.png","contentUrl":"https:\/\/blogit.lab.fi\/labfocus\/wp-content\/uploads\/sites\/8\/2020\/04\/cropped-cropped-tunnus_blogi-01.png","width":1342,"height":288,"caption":"LAB Focus"},"image":{"@id":"https:\/\/blogit.lab.fi\/labfocus\/#\/schema\/logo\/image\/"},"sameAs":["https:\/\/x.com\/LABfinland"]}]}},"_links":{"self":[{"href":"https:\/\/blogit.lab.fi\/labfocus\/wp-json\/wp\/v2\/pages\/47","targetHints":{"allow":["GET"]}}],"collection":[{"href":"https:\/\/blogit.lab.fi\/labfocus\/wp-json\/wp\/v2\/pages"}],"about":[{"href":"https:\/\/blogit.lab.fi\/labfocus\/wp-json\/wp\/v2\/types\/page"}],"author":[{"embeddable":true,"href":"https:\/\/blogit.lab.fi\/labfocus\/wp-json\/wp\/v2\/users\/2"}],"replies":[{"embeddable":true,"href":"https:\/\/blogit.lab.fi\/labfocus\/wp-json\/wp\/v2\/comments?post=47"}],"version-history":[{"count":48,"href":"https:\/\/blogit.lab.fi\/labfocus\/wp-json\/wp\/v2\/pages\/47\/revisions"}],"predecessor-version":[{"id":26858,"href":"https:\/\/blogit.lab.fi\/labfocus\/wp-json\/wp\/v2\/pages\/47\/revisions\/26858"}],"wp:attachment":[{"href":"https:\/\/blogit.lab.fi\/labfocus\/wp-json\/wp\/v2\/media?parent=47"}],"curies":[{"name":"wp","href":"https:\/\/api.w.org\/{rel}","templated":true}]}}