{"id":569,"date":"2020-04-21T10:44:24","date_gmt":"2020-04-21T07:44:24","guid":{"rendered":"https:\/\/blogit.lab.fi\/labfocus\/?page_id=569"},"modified":"2026-02-06T08:48:42","modified_gmt":"2026-02-06T06:48:42","slug":"toimituskunta","status":"publish","type":"page","link":"https:\/\/blogit.lab.fi\/labfocus\/toimituskunta\/","title":{"rendered":"Toimituskunta"},"content":{"rendered":"\n<h2 class=\"wp-block-heading\">Design<\/h2>\n\n\n\n<ul class=\"wp-block-list\">\n<li>Kristiina Soini-Salomaa, KT, <em>Design<\/em>-vahvuusalueen TKI-johtaja (p\u00e4\u00e4toimittaja)<\/li>\n\n\n\n<li>Harri Heikkil\u00e4, yliopettaja visuaalinen viestint\u00e4, Muotoiluinstituutti<\/li>\n\n\n\n<li>Noora Nylander, lehtori, Muotoiluinstituutti<\/li>\n\n\n\n<li>Mirja K\u00e4lvi\u00e4inen, yliopettaja, Muotoiluinstituutti <\/li>\n<\/ul>\n\n\n\n<h2 class=\"wp-block-heading\">Health<\/h2>\n\n\n\n<ul class=\"wp-block-list\">\n<li>Kati Peltonen, KTT, KM, <em>Hyvinvoinnin palveluinnovaatiot<\/em> -vahvuusalueen TKI-johtaja (p\u00e4\u00e4toimittaja) <\/li>\n\n\n\n<li>Helena Hatakka, yliopettaja, sosiaali- ja terveysala<\/li>\n\n\n\n<li>Annamaija Id-Korhonen, TtM, lehtori, sosiaali- ja terveysala <\/li>\n<\/ul>\n\n\n\n<h2 class=\"wp-block-heading\">Innovations<\/h2>\n\n\n\n<ul class=\"wp-block-list\">\n<li>Pasi Juvonen, TkT, <em>Innovaatioiden kaupallistaminen<\/em> -vahvuusalueen TKI-johtaja (p\u00e4\u00e4toimittaja) <\/li>\n\n\n\n<li>Niina Sallinen, TKI-asiantuntija, liiketoimintayksikk\u00f6<\/li>\n<\/ul>\n\n\n\n<h2 class=\"wp-block-heading\">Sustainability<\/h2>\n\n\n\n<ul class=\"wp-block-list\">\n<li>Eeva Aarrevaara, TkT, yliopettaja, teknologiayksikk\u00f6 (p\u00e4\u00e4toimittaja)<\/li>\n\n\n\n<li>Susanna Vanham\u00e4ki, PhD, johtava asiantuntija, teknologiayksikk\u00f6<\/li>\n<\/ul>\n\n\n\n<hr class=\"wp-block-separator has-css-opacity\" \/>\n\n\n\n<p><strong>Toimitussihteerit<\/strong>:<\/p>\n\n\n\n<ul class=\"wp-block-list\">\n<li>Mervi Koistinen, Muotoiluinstituutti (Design)<\/li>\n\n\n\n<li>Annariina Ruokamo, Muotoiluinstituutti (Design)<\/li>\n\n\n\n<li>Taina Salakka-Kontunen, liiketoimintayksikk\u00f6 (Innovations) ja Kielikeskus<\/li>\n\n\n\n<li>Paula Vitie, teknologiayksikk\u00f6 (Sustainability)<\/li>\n<\/ul>\n\n\n\n<p><\/p>\n","protected":false},"excerpt":{"rendered":"<p>Design Health Innovations Sustainability Toimitussihteerit:<\/p>\n","protected":false},"author":9,"featured_media":0,"parent":0,"menu_order":0,"comment_status":"closed","ping_status":"closed","template":"","meta":{"footnotes":""},"class_list":["post-569","page","type-page","status-publish","czr-hentry"],"yoast_head":"<!-- This site is optimized with the Yoast SEO plugin v27.3 - https:\/\/yoast.com\/product\/yoast-seo-wordpress\/ -->\n<title>Toimituskunta - LAB Focus<\/title>\n<meta name=\"robots\" content=\"index, follow, max-snippet:-1, max-image-preview:large, max-video-preview:-1\" \/>\n<link rel=\"canonical\" href=\"https:\/\/blogit.lab.fi\/labfocus\/toimituskunta\/\" \/>\n<meta property=\"og:locale\" content=\"fi_FI\" \/>\n<meta property=\"og:type\" content=\"article\" \/>\n<meta property=\"og:title\" content=\"Toimituskunta - LAB Focus\" \/>\n<meta property=\"og:description\" content=\"Design Health Innovations Sustainability Toimitussihteerit:\" \/>\n<meta property=\"og:url\" content=\"https:\/\/blogit.lab.fi\/labfocus\/toimituskunta\/\" \/>\n<meta property=\"og:site_name\" content=\"LAB Focus\" \/>\n<meta property=\"article:modified_time\" content=\"2026-02-06T06:48:42+00:00\" \/>\n<meta name=\"twitter:card\" content=\"summary_large_image\" \/>\n<meta name=\"twitter:site\" content=\"@LABfinland\" \/>\n<meta name=\"twitter:label1\" content=\"Arvioitu lukuaika\" \/>\n\t<meta name=\"twitter:data1\" content=\"1 minuutti\" \/>\n<script type=\"application\/ld+json\" class=\"yoast-schema-graph\">{\"@context\":\"https:\\\/\\\/schema.org\",\"@graph\":[{\"@type\":\"WebPage\",\"@id\":\"https:\\\/\\\/blogit.lab.fi\\\/labfocus\\\/toimituskunta\\\/\",\"url\":\"https:\\\/\\\/blogit.lab.fi\\\/labfocus\\\/toimituskunta\\\/\",\"name\":\"Toimituskunta - LAB Focus\",\"isPartOf\":{\"@id\":\"https:\\\/\\\/blogit.lab.fi\\\/labfocus\\\/#website\"},\"datePublished\":\"2020-04-21T07:44:24+00:00\",\"dateModified\":\"2026-02-06T06:48:42+00:00\",\"breadcrumb\":{\"@id\":\"https:\\\/\\\/blogit.lab.fi\\\/labfocus\\\/toimituskunta\\\/#breadcrumb\"},\"inLanguage\":\"fi\",\"potentialAction\":[{\"@type\":\"ReadAction\",\"target\":[\"https:\\\/\\\/blogit.lab.fi\\\/labfocus\\\/toimituskunta\\\/\"]}]},{\"@type\":\"BreadcrumbList\",\"@id\":\"https:\\\/\\\/blogit.lab.fi\\\/labfocus\\\/toimituskunta\\\/#breadcrumb\",\"itemListElement\":[{\"@type\":\"ListItem\",\"position\":1,\"name\":\"Home\",\"item\":\"https:\\\/\\\/blogit.lab.fi\\\/labfocus\\\/\"},{\"@type\":\"ListItem\",\"position\":2,\"name\":\"Toimituskunta\"}]},{\"@type\":\"WebSite\",\"@id\":\"https:\\\/\\\/blogit.lab.fi\\\/labfocus\\\/#website\",\"url\":\"https:\\\/\\\/blogit.lab.fi\\\/labfocus\\\/\",\"name\":\"LAB Focus\",\"description\":\"Focus Area blog | LAB University of Applied Sciences\",\"publisher\":{\"@id\":\"https:\\\/\\\/blogit.lab.fi\\\/labfocus\\\/#organization\"},\"potentialAction\":[{\"@type\":\"SearchAction\",\"target\":{\"@type\":\"EntryPoint\",\"urlTemplate\":\"https:\\\/\\\/blogit.lab.fi\\\/labfocus\\\/?s={search_term_string}\"},\"query-input\":{\"@type\":\"PropertyValueSpecification\",\"valueRequired\":true,\"valueName\":\"search_term_string\"}}],\"inLanguage\":\"fi\"},{\"@type\":\"Organization\",\"@id\":\"https:\\\/\\\/blogit.lab.fi\\\/labfocus\\\/#organization\",\"name\":\"LAB Focus\",\"url\":\"https:\\\/\\\/blogit.lab.fi\\\/labfocus\\\/\",\"logo\":{\"@type\":\"ImageObject\",\"inLanguage\":\"fi\",\"@id\":\"https:\\\/\\\/blogit.lab.fi\\\/labfocus\\\/#\\\/schema\\\/logo\\\/image\\\/\",\"url\":\"https:\\\/\\\/blogit.lab.fi\\\/labfocus\\\/wp-content\\\/uploads\\\/sites\\\/8\\\/2020\\\/04\\\/cropped-cropped-tunnus_blogi-01.png\",\"contentUrl\":\"https:\\\/\\\/blogit.lab.fi\\\/labfocus\\\/wp-content\\\/uploads\\\/sites\\\/8\\\/2020\\\/04\\\/cropped-cropped-tunnus_blogi-01.png\",\"width\":1342,\"height\":288,\"caption\":\"LAB Focus\"},\"image\":{\"@id\":\"https:\\\/\\\/blogit.lab.fi\\\/labfocus\\\/#\\\/schema\\\/logo\\\/image\\\/\"},\"sameAs\":[\"https:\\\/\\\/x.com\\\/LABfinland\"]}]}<\/script>\n<!-- \/ Yoast SEO plugin. -->","yoast_head_json":{"title":"Toimituskunta - LAB Focus","robots":{"index":"index","follow":"follow","max-snippet":"max-snippet:-1","max-image-preview":"max-image-preview:large","max-video-preview":"max-video-preview:-1"},"canonical":"https:\/\/blogit.lab.fi\/labfocus\/toimituskunta\/","og_locale":"fi_FI","og_type":"article","og_title":"Toimituskunta - LAB Focus","og_description":"Design Health Innovations Sustainability Toimitussihteerit:","og_url":"https:\/\/blogit.lab.fi\/labfocus\/toimituskunta\/","og_site_name":"LAB Focus","article_modified_time":"2026-02-06T06:48:42+00:00","twitter_card":"summary_large_image","twitter_site":"@LABfinland","twitter_misc":{"Arvioitu lukuaika":"1 minuutti"},"schema":{"@context":"https:\/\/schema.org","@graph":[{"@type":"WebPage","@id":"https:\/\/blogit.lab.fi\/labfocus\/toimituskunta\/","url":"https:\/\/blogit.lab.fi\/labfocus\/toimituskunta\/","name":"Toimituskunta - LAB Focus","isPartOf":{"@id":"https:\/\/blogit.lab.fi\/labfocus\/#website"},"datePublished":"2020-04-21T07:44:24+00:00","dateModified":"2026-02-06T06:48:42+00:00","breadcrumb":{"@id":"https:\/\/blogit.lab.fi\/labfocus\/toimituskunta\/#breadcrumb"},"inLanguage":"fi","potentialAction":[{"@type":"ReadAction","target":["https:\/\/blogit.lab.fi\/labfocus\/toimituskunta\/"]}]},{"@type":"BreadcrumbList","@id":"https:\/\/blogit.lab.fi\/labfocus\/toimituskunta\/#breadcrumb","itemListElement":[{"@type":"ListItem","position":1,"name":"Home","item":"https:\/\/blogit.lab.fi\/labfocus\/"},{"@type":"ListItem","position":2,"name":"Toimituskunta"}]},{"@type":"WebSite","@id":"https:\/\/blogit.lab.fi\/labfocus\/#website","url":"https:\/\/blogit.lab.fi\/labfocus\/","name":"LAB Focus","description":"Focus Area blog | LAB University of Applied Sciences","publisher":{"@id":"https:\/\/blogit.lab.fi\/labfocus\/#organization"},"potentialAction":[{"@type":"SearchAction","target":{"@type":"EntryPoint","urlTemplate":"https:\/\/blogit.lab.fi\/labfocus\/?s={search_term_string}"},"query-input":{"@type":"PropertyValueSpecification","valueRequired":true,"valueName":"search_term_string"}}],"inLanguage":"fi"},{"@type":"Organization","@id":"https:\/\/blogit.lab.fi\/labfocus\/#organization","name":"LAB Focus","url":"https:\/\/blogit.lab.fi\/labfocus\/","logo":{"@type":"ImageObject","inLanguage":"fi","@id":"https:\/\/blogit.lab.fi\/labfocus\/#\/schema\/logo\/image\/","url":"https:\/\/blogit.lab.fi\/labfocus\/wp-content\/uploads\/sites\/8\/2020\/04\/cropped-cropped-tunnus_blogi-01.png","contentUrl":"https:\/\/blogit.lab.fi\/labfocus\/wp-content\/uploads\/sites\/8\/2020\/04\/cropped-cropped-tunnus_blogi-01.png","width":1342,"height":288,"caption":"LAB Focus"},"image":{"@id":"https:\/\/blogit.lab.fi\/labfocus\/#\/schema\/logo\/image\/"},"sameAs":["https:\/\/x.com\/LABfinland"]}]}},"_links":{"self":[{"href":"https:\/\/blogit.lab.fi\/labfocus\/wp-json\/wp\/v2\/pages\/569","targetHints":{"allow":["GET"]}}],"collection":[{"href":"https:\/\/blogit.lab.fi\/labfocus\/wp-json\/wp\/v2\/pages"}],"about":[{"href":"https:\/\/blogit.lab.fi\/labfocus\/wp-json\/wp\/v2\/types\/page"}],"author":[{"embeddable":true,"href":"https:\/\/blogit.lab.fi\/labfocus\/wp-json\/wp\/v2\/users\/9"}],"replies":[{"embeddable":true,"href":"https:\/\/blogit.lab.fi\/labfocus\/wp-json\/wp\/v2\/comments?post=569"}],"version-history":[{"count":38,"href":"https:\/\/blogit.lab.fi\/labfocus\/wp-json\/wp\/v2\/pages\/569\/revisions"}],"predecessor-version":[{"id":26548,"href":"https:\/\/blogit.lab.fi\/labfocus\/wp-json\/wp\/v2\/pages\/569\/revisions\/26548"}],"wp:attachment":[{"href":"https:\/\/blogit.lab.fi\/labfocus\/wp-json\/wp\/v2\/media?parent=569"}],"curies":[{"name":"wp","href":"https:\/\/api.w.org\/{rel}","templated":true}]}}