{"id":594,"date":"2020-05-04T11:49:01","date_gmt":"2020-05-04T08:49:01","guid":{"rendered":"https:\/\/blogit.lab.fi\/labfocus\/?page_id=594"},"modified":"2024-08-29T10:00:03","modified_gmt":"2024-08-29T07:00:03","slug":"julkaisutyyppi","status":"publish","type":"page","link":"https:\/\/blogit.lab.fi\/labfocus\/julkaisutyyppi\/","title":{"rendered":"Julkaisutyyppi"},"content":{"rendered":"\n<p>Blogissa julkaistujen artikkelien julkaisutyyppi on D1. T\u00e4m\u00e4n julkaisutyypin artikkelit tunnistat artikkeliin liitetyst\u00e4 avainsanasta \u201dArtikkeli D1\u201d.<\/p>\n\n\n\n<p>D1-tyypin artikkelit kerrytt\u00e4v\u00e4t ammattikorkeakoulun julkaisupisteit\u00e4, ja ne ilmoitetaan vuosittain Opetusministeri\u00f6lle. Julkaisut ilmoitetaan kirjoittajan tekem\u00e4n <a href=\"https:\/\/libguides.lut.fi\/LAB_julkaisijalle\/ohjeet\" target=\"_blank\" rel=\"noreferrer noopener\">julkaisuilmoituksen<\/a> perusteella. Julkaisut ilmoitetaan julkaisutietojen tallennuspalvelun <a href=\"https:\/\/libguides.lut.fi\/ld.php?content_id=33041045\" target=\"_blank\" rel=\"noreferrer noopener\">Justuksen<\/a> kautta.<\/p>\n\n\n\n<p>Ministeri\u00f6n julkaisutiedonkeruussa voi ilmoittaa blogikirjoituksen, mik\u00e4li se t\u00e4ytt\u00e4\u00e4 seuraavat ehdot:<\/p>\n\n\n\n<ul class=\"wp-block-list\">\n<li>julkaisun tulee olla julkisesti kenen tahansa saatavilla<\/li>\n\n\n\n<li>julkaisukanavalla  tulee olla tekij\u00e4st\u00e4 riippumaton toimituskunta tai julkaisija, joka  p\u00e4\u00e4tt\u00e4\u00e4 julkaisukanavalla julkaistavista julkaisuista<\/li>\n\n\n\n<li>julkaisua ei ole aikaisemmin julkaistu tiedonkeruussa raportoitavassa muodossa<\/li>\n\n\n\n<li>tekij\u00e4ll\u00e4 on ty\u00f6suhde organisaatioon <\/li>\n\n\n\n<li>julkaisulla t\u00e4ytyy olla yhteys kirjoittajan ty\u00f6h\u00f6n; julkaisu perustuu tekij\u00e4n tutkimus- tai asiantuntijaty\u00f6h\u00f6n<\/li>\n<\/ul>\n","protected":false},"excerpt":{"rendered":"<p>Blogissa julkaistujen artikkelien julkaisutyyppi on D1. T\u00e4m\u00e4n julkaisutyypin artikkelit tunnistat artikkeliin liitetyst\u00e4 avainsanasta \u201dArtikkeli D1\u201d. D1-tyypin artikkelit kerrytt\u00e4v\u00e4t ammattikorkeakoulun julkaisupisteit\u00e4, ja ne ilmoitetaan vuosittain Opetusministeri\u00f6lle. Julkaisut ilmoitetaan kirjoittajan tekem\u00e4n julkaisuilmoituksen perusteella. Julkaisut ilmoitetaan julkaisutietojen tallennuspalvelun Justuksen kautta. Ministeri\u00f6n julkaisutiedonkeruussa voi ilmoittaa blogikirjoituksen, mik\u00e4li se t\u00e4ytt\u00e4\u00e4 seuraavat ehdot:<\/p>\n","protected":false},"author":6,"featured_media":0,"parent":0,"menu_order":0,"comment_status":"closed","ping_status":"closed","template":"","meta":{"footnotes":""},"class_list":["post-594","page","type-page","status-publish","czr-hentry"],"yoast_head":"<!-- This site is optimized with the Yoast SEO plugin v27.5 - https:\/\/yoast.com\/product\/yoast-seo-wordpress\/ -->\n<title>Julkaisutyyppi - LAB Focus<\/title>\n<meta name=\"robots\" content=\"index, follow, max-snippet:-1, max-image-preview:large, max-video-preview:-1\" \/>\n<link rel=\"canonical\" href=\"https:\/\/blogit.lab.fi\/labfocus\/julkaisutyyppi\/\" \/>\n<meta property=\"og:locale\" content=\"fi_FI\" \/>\n<meta property=\"og:type\" content=\"article\" \/>\n<meta property=\"og:title\" content=\"Julkaisutyyppi - LAB Focus\" \/>\n<meta property=\"og:description\" content=\"Blogissa julkaistujen artikkelien julkaisutyyppi on D1. T\u00e4m\u00e4n julkaisutyypin artikkelit tunnistat artikkeliin liitetyst\u00e4 avainsanasta \u201dArtikkeli D1\u201d. D1-tyypin artikkelit kerrytt\u00e4v\u00e4t ammattikorkeakoulun julkaisupisteit\u00e4, ja ne ilmoitetaan vuosittain Opetusministeri\u00f6lle. Julkaisut ilmoitetaan kirjoittajan tekem\u00e4n julkaisuilmoituksen perusteella. Julkaisut ilmoitetaan julkaisutietojen tallennuspalvelun Justuksen kautta. Ministeri\u00f6n julkaisutiedonkeruussa voi ilmoittaa blogikirjoituksen, mik\u00e4li se t\u00e4ytt\u00e4\u00e4 seuraavat ehdot:\" \/>\n<meta property=\"og:url\" content=\"https:\/\/blogit.lab.fi\/labfocus\/julkaisutyyppi\/\" \/>\n<meta property=\"og:site_name\" content=\"LAB Focus\" \/>\n<meta property=\"article:modified_time\" content=\"2024-08-29T07:00:03+00:00\" \/>\n<meta name=\"twitter:card\" content=\"summary_large_image\" \/>\n<meta name=\"twitter:site\" content=\"@LABfinland\" \/>\n<meta name=\"twitter:label1\" content=\"Arvioitu lukuaika\" \/>\n\t<meta name=\"twitter:data1\" content=\"1 minuutti\" \/>\n<script type=\"application\/ld+json\" class=\"yoast-schema-graph\">{\"@context\":\"https:\\\/\\\/schema.org\",\"@graph\":[{\"@type\":\"WebPage\",\"@id\":\"https:\\\/\\\/blogit.lab.fi\\\/labfocus\\\/julkaisutyyppi\\\/\",\"url\":\"https:\\\/\\\/blogit.lab.fi\\\/labfocus\\\/julkaisutyyppi\\\/\",\"name\":\"Julkaisutyyppi - LAB Focus\",\"isPartOf\":{\"@id\":\"https:\\\/\\\/blogit.lab.fi\\\/labfocus\\\/#website\"},\"datePublished\":\"2020-05-04T08:49:01+00:00\",\"dateModified\":\"2024-08-29T07:00:03+00:00\",\"breadcrumb\":{\"@id\":\"https:\\\/\\\/blogit.lab.fi\\\/labfocus\\\/julkaisutyyppi\\\/#breadcrumb\"},\"inLanguage\":\"fi\",\"potentialAction\":[{\"@type\":\"ReadAction\",\"target\":[\"https:\\\/\\\/blogit.lab.fi\\\/labfocus\\\/julkaisutyyppi\\\/\"]}]},{\"@type\":\"BreadcrumbList\",\"@id\":\"https:\\\/\\\/blogit.lab.fi\\\/labfocus\\\/julkaisutyyppi\\\/#breadcrumb\",\"itemListElement\":[{\"@type\":\"ListItem\",\"position\":1,\"name\":\"Home\",\"item\":\"https:\\\/\\\/blogit.lab.fi\\\/labfocus\\\/\"},{\"@type\":\"ListItem\",\"position\":2,\"name\":\"Julkaisutyyppi\"}]},{\"@type\":\"WebSite\",\"@id\":\"https:\\\/\\\/blogit.lab.fi\\\/labfocus\\\/#website\",\"url\":\"https:\\\/\\\/blogit.lab.fi\\\/labfocus\\\/\",\"name\":\"LAB Focus\",\"description\":\"Focus Area blog | LAB University of Applied Sciences\",\"publisher\":{\"@id\":\"https:\\\/\\\/blogit.lab.fi\\\/labfocus\\\/#organization\"},\"potentialAction\":[{\"@type\":\"SearchAction\",\"target\":{\"@type\":\"EntryPoint\",\"urlTemplate\":\"https:\\\/\\\/blogit.lab.fi\\\/labfocus\\\/?s={search_term_string}\"},\"query-input\":{\"@type\":\"PropertyValueSpecification\",\"valueRequired\":true,\"valueName\":\"search_term_string\"}}],\"inLanguage\":\"fi\"},{\"@type\":\"Organization\",\"@id\":\"https:\\\/\\\/blogit.lab.fi\\\/labfocus\\\/#organization\",\"name\":\"LAB Focus\",\"url\":\"https:\\\/\\\/blogit.lab.fi\\\/labfocus\\\/\",\"logo\":{\"@type\":\"ImageObject\",\"inLanguage\":\"fi\",\"@id\":\"https:\\\/\\\/blogit.lab.fi\\\/labfocus\\\/#\\\/schema\\\/logo\\\/image\\\/\",\"url\":\"https:\\\/\\\/blogit.lab.fi\\\/labfocus\\\/wp-content\\\/uploads\\\/sites\\\/8\\\/2020\\\/04\\\/cropped-cropped-tunnus_blogi-01.png\",\"contentUrl\":\"https:\\\/\\\/blogit.lab.fi\\\/labfocus\\\/wp-content\\\/uploads\\\/sites\\\/8\\\/2020\\\/04\\\/cropped-cropped-tunnus_blogi-01.png\",\"width\":1342,\"height\":288,\"caption\":\"LAB Focus\"},\"image\":{\"@id\":\"https:\\\/\\\/blogit.lab.fi\\\/labfocus\\\/#\\\/schema\\\/logo\\\/image\\\/\"},\"sameAs\":[\"https:\\\/\\\/x.com\\\/LABfinland\"]}]}<\/script>\n<!-- \/ Yoast SEO plugin. -->","yoast_head_json":{"title":"Julkaisutyyppi - LAB Focus","robots":{"index":"index","follow":"follow","max-snippet":"max-snippet:-1","max-image-preview":"max-image-preview:large","max-video-preview":"max-video-preview:-1"},"canonical":"https:\/\/blogit.lab.fi\/labfocus\/julkaisutyyppi\/","og_locale":"fi_FI","og_type":"article","og_title":"Julkaisutyyppi - LAB Focus","og_description":"Blogissa julkaistujen artikkelien julkaisutyyppi on D1. T\u00e4m\u00e4n julkaisutyypin artikkelit tunnistat artikkeliin liitetyst\u00e4 avainsanasta \u201dArtikkeli D1\u201d. D1-tyypin artikkelit kerrytt\u00e4v\u00e4t ammattikorkeakoulun julkaisupisteit\u00e4, ja ne ilmoitetaan vuosittain Opetusministeri\u00f6lle. Julkaisut ilmoitetaan kirjoittajan tekem\u00e4n julkaisuilmoituksen perusteella. Julkaisut ilmoitetaan julkaisutietojen tallennuspalvelun Justuksen kautta. Ministeri\u00f6n julkaisutiedonkeruussa voi ilmoittaa blogikirjoituksen, mik\u00e4li se t\u00e4ytt\u00e4\u00e4 seuraavat ehdot:","og_url":"https:\/\/blogit.lab.fi\/labfocus\/julkaisutyyppi\/","og_site_name":"LAB Focus","article_modified_time":"2024-08-29T07:00:03+00:00","twitter_card":"summary_large_image","twitter_site":"@LABfinland","twitter_misc":{"Arvioitu lukuaika":"1 minuutti"},"schema":{"@context":"https:\/\/schema.org","@graph":[{"@type":"WebPage","@id":"https:\/\/blogit.lab.fi\/labfocus\/julkaisutyyppi\/","url":"https:\/\/blogit.lab.fi\/labfocus\/julkaisutyyppi\/","name":"Julkaisutyyppi - LAB Focus","isPartOf":{"@id":"https:\/\/blogit.lab.fi\/labfocus\/#website"},"datePublished":"2020-05-04T08:49:01+00:00","dateModified":"2024-08-29T07:00:03+00:00","breadcrumb":{"@id":"https:\/\/blogit.lab.fi\/labfocus\/julkaisutyyppi\/#breadcrumb"},"inLanguage":"fi","potentialAction":[{"@type":"ReadAction","target":["https:\/\/blogit.lab.fi\/labfocus\/julkaisutyyppi\/"]}]},{"@type":"BreadcrumbList","@id":"https:\/\/blogit.lab.fi\/labfocus\/julkaisutyyppi\/#breadcrumb","itemListElement":[{"@type":"ListItem","position":1,"name":"Home","item":"https:\/\/blogit.lab.fi\/labfocus\/"},{"@type":"ListItem","position":2,"name":"Julkaisutyyppi"}]},{"@type":"WebSite","@id":"https:\/\/blogit.lab.fi\/labfocus\/#website","url":"https:\/\/blogit.lab.fi\/labfocus\/","name":"LAB Focus","description":"Focus Area blog | LAB University of Applied Sciences","publisher":{"@id":"https:\/\/blogit.lab.fi\/labfocus\/#organization"},"potentialAction":[{"@type":"SearchAction","target":{"@type":"EntryPoint","urlTemplate":"https:\/\/blogit.lab.fi\/labfocus\/?s={search_term_string}"},"query-input":{"@type":"PropertyValueSpecification","valueRequired":true,"valueName":"search_term_string"}}],"inLanguage":"fi"},{"@type":"Organization","@id":"https:\/\/blogit.lab.fi\/labfocus\/#organization","name":"LAB Focus","url":"https:\/\/blogit.lab.fi\/labfocus\/","logo":{"@type":"ImageObject","inLanguage":"fi","@id":"https:\/\/blogit.lab.fi\/labfocus\/#\/schema\/logo\/image\/","url":"https:\/\/blogit.lab.fi\/labfocus\/wp-content\/uploads\/sites\/8\/2020\/04\/cropped-cropped-tunnus_blogi-01.png","contentUrl":"https:\/\/blogit.lab.fi\/labfocus\/wp-content\/uploads\/sites\/8\/2020\/04\/cropped-cropped-tunnus_blogi-01.png","width":1342,"height":288,"caption":"LAB Focus"},"image":{"@id":"https:\/\/blogit.lab.fi\/labfocus\/#\/schema\/logo\/image\/"},"sameAs":["https:\/\/x.com\/LABfinland"]}]}},"_links":{"self":[{"href":"https:\/\/blogit.lab.fi\/labfocus\/wp-json\/wp\/v2\/pages\/594","targetHints":{"allow":["GET"]}}],"collection":[{"href":"https:\/\/blogit.lab.fi\/labfocus\/wp-json\/wp\/v2\/pages"}],"about":[{"href":"https:\/\/blogit.lab.fi\/labfocus\/wp-json\/wp\/v2\/types\/page"}],"author":[{"embeddable":true,"href":"https:\/\/blogit.lab.fi\/labfocus\/wp-json\/wp\/v2\/users\/6"}],"replies":[{"embeddable":true,"href":"https:\/\/blogit.lab.fi\/labfocus\/wp-json\/wp\/v2\/comments?post=594"}],"version-history":[{"count":7,"href":"https:\/\/blogit.lab.fi\/labfocus\/wp-json\/wp\/v2\/pages\/594\/revisions"}],"predecessor-version":[{"id":20501,"href":"https:\/\/blogit.lab.fi\/labfocus\/wp-json\/wp\/v2\/pages\/594\/revisions\/20501"}],"wp:attachment":[{"href":"https:\/\/blogit.lab.fi\/labfocus\/wp-json\/wp\/v2\/media?parent=594"}],"curies":[{"name":"wp","href":"https:\/\/api.w.org\/{rel}","templated":true}]}}