{"id":755,"date":"2020-05-08T14:33:57","date_gmt":"2020-05-08T11:33:57","guid":{"rendered":"https:\/\/blogit.lab.fi\/labfocus\/?page_id=755"},"modified":"2025-06-15T20:15:58","modified_gmt":"2025-06-15T17:15:58","slug":"aani-ja-videojulkaisut","status":"publish","type":"page","link":"https:\/\/blogit.lab.fi\/labfocus\/aani-ja-videojulkaisut\/","title":{"rendered":"\u00c4\u00e4ni- ja videojulkaisut"},"content":{"rendered":"\n<p>LAB Focus -blogi tarjoaa my\u00f6s mahdollisuuden \u00e4\u00e4ni- ja videoteosten julkaisuun.  Toimituskunta k\u00e4y l\u00e4pi kaikki ehdotukset ja p\u00e4\u00e4tt\u00e4\u00e4 julkaisusta mik\u00e4li teokset t\u00e4ytt\u00e4v\u00e4t annetut kriteerit.  <\/p>\n\n\n\n<p><a href=\"https:\/\/www.youtube.com\/channel\/UCmvtFcTb3OMmQxcDpfGJ3wQ\" target=\"_blank\" aria-label=\"undefined (opens in a new tab)\" rel=\"noreferrer noopener\">LAB Focus YouTube<\/a> -kanavalla julkaistaan LAB-ammattikorkeakoulun tutkimus-, kehitt\u00e4mis- ja innovaatiotoiminnan tuloksena syntyneit\u00e4 videoita. <\/p>\n\n\n\n<ul class=\"wp-block-list\">\n<li><a href=\"https:\/\/blogit.lab.fi\/labfocus\/wp-content\/uploads\/sites\/8\/2025\/06\/Videojulkaisujen-ohje_LAB-Focus_2025.pdf\" target=\"_blank\" rel=\"noreferrer noopener\">Videojulkaisujen ohje (PDF)<\/a><\/li>\n<\/ul>\n\n\n\n<p><a href=\"https:\/\/soundcloud.com\/labfocus\" target=\"_blank\" aria-label=\"undefined (opens in a new tab)\" rel=\"noreferrer noopener\">LAB Focus SoundCloud<\/a> -kanavalla julkaistaan LAB-ammattikorkeakoulun tutkimus-, kehitt\u00e4mis- ja innovaatiotoiminnan tuloksena syntyneit\u00e4 podcasteja.  <\/p>\n\n\n\n<ul class=\"wp-block-list\">\n<li><a href=\"https:\/\/blogit.lab.fi\/labfocus\/wp-content\/uploads\/sites\/8\/2025\/06\/Podcast-ohje_LAB-Focus_2025.pdf\">Podcast-ohje (PDF)<\/a><\/li>\n<\/ul>\n\n\n\n<p><\/p>\n\n\n\n<p class=\"has-background\" style=\"background-color:#b3edfb\"><strong>HUOM! <\/strong>Julkaisuprosessiin kuluu aikaa noin 2-3 viikkoa. Sujuvan prosessin varmistat toimimalla ohjeiden mukaisesti ty\u00f6st\u00e4ess\u00e4si jukaisuja sek\u00e4 toimittamalla kaikki pyydetyt liitteet samaan aikaan video tai \u00e4\u00e4nitiedoston kanssa.  <\/p>\n","protected":false},"excerpt":{"rendered":"<p>LAB Focus -blogi tarjoaa my\u00f6s mahdollisuuden \u00e4\u00e4ni- ja videoteosten julkaisuun. Toimituskunta k\u00e4y l\u00e4pi kaikki ehdotukset ja p\u00e4\u00e4tt\u00e4\u00e4 julkaisusta mik\u00e4li teokset t\u00e4ytt\u00e4v\u00e4t annetut kriteerit. LAB Focus YouTube -kanavalla julkaistaan LAB-ammattikorkeakoulun tutkimus-, kehitt\u00e4mis- ja innovaatiotoiminnan tuloksena syntyneit\u00e4 videoita. LAB Focus SoundCloud -kanavalla julkaistaan LAB-ammattikorkeakoulun tutkimus-, kehitt\u00e4mis- ja innovaatiotoiminnan tuloksena syntyneit\u00e4 podcasteja. HUOM! Julkaisuprosessiin kuluu aikaa noin 2-3 [&hellip;]<\/p>\n","protected":false},"author":6,"featured_media":0,"parent":0,"menu_order":0,"comment_status":"closed","ping_status":"closed","template":"","meta":{"footnotes":""},"class_list":["post-755","page","type-page","status-publish","czr-hentry"],"yoast_head":"<!-- This site is optimized with the Yoast SEO plugin v27.3 - https:\/\/yoast.com\/product\/yoast-seo-wordpress\/ -->\n<title>\u00c4\u00e4ni- ja videojulkaisut - LAB Focus<\/title>\n<meta name=\"robots\" content=\"index, follow, max-snippet:-1, max-image-preview:large, max-video-preview:-1\" \/>\n<link rel=\"canonical\" href=\"https:\/\/blogit.lab.fi\/labfocus\/aani-ja-videojulkaisut\/\" \/>\n<meta property=\"og:locale\" content=\"fi_FI\" \/>\n<meta property=\"og:type\" content=\"article\" \/>\n<meta property=\"og:title\" content=\"\u00c4\u00e4ni- ja videojulkaisut - LAB Focus\" \/>\n<meta property=\"og:description\" content=\"LAB Focus -blogi tarjoaa my\u00f6s mahdollisuuden \u00e4\u00e4ni- ja videoteosten julkaisuun. Toimituskunta k\u00e4y l\u00e4pi kaikki ehdotukset ja p\u00e4\u00e4tt\u00e4\u00e4 julkaisusta mik\u00e4li teokset t\u00e4ytt\u00e4v\u00e4t annetut kriteerit. LAB Focus YouTube -kanavalla julkaistaan LAB-ammattikorkeakoulun tutkimus-, kehitt\u00e4mis- ja innovaatiotoiminnan tuloksena syntyneit\u00e4 videoita. LAB Focus SoundCloud -kanavalla julkaistaan LAB-ammattikorkeakoulun tutkimus-, kehitt\u00e4mis- ja innovaatiotoiminnan tuloksena syntyneit\u00e4 podcasteja. HUOM! Julkaisuprosessiin kuluu aikaa noin 2-3 [&hellip;]\" \/>\n<meta property=\"og:url\" content=\"https:\/\/blogit.lab.fi\/labfocus\/aani-ja-videojulkaisut\/\" \/>\n<meta property=\"og:site_name\" content=\"LAB Focus\" \/>\n<meta property=\"article:modified_time\" content=\"2025-06-15T17:15:58+00:00\" \/>\n<meta name=\"twitter:card\" content=\"summary_large_image\" \/>\n<meta name=\"twitter:site\" content=\"@LABfinland\" \/>\n<meta name=\"twitter:label1\" content=\"Arvioitu lukuaika\" \/>\n\t<meta name=\"twitter:data1\" content=\"1 minuutti\" \/>\n<script type=\"application\/ld+json\" class=\"yoast-schema-graph\">{\"@context\":\"https:\\\/\\\/schema.org\",\"@graph\":[{\"@type\":\"WebPage\",\"@id\":\"https:\\\/\\\/blogit.lab.fi\\\/labfocus\\\/aani-ja-videojulkaisut\\\/\",\"url\":\"https:\\\/\\\/blogit.lab.fi\\\/labfocus\\\/aani-ja-videojulkaisut\\\/\",\"name\":\"\u00c4\u00e4ni- ja videojulkaisut - LAB Focus\",\"isPartOf\":{\"@id\":\"https:\\\/\\\/blogit.lab.fi\\\/labfocus\\\/#website\"},\"datePublished\":\"2020-05-08T11:33:57+00:00\",\"dateModified\":\"2025-06-15T17:15:58+00:00\",\"breadcrumb\":{\"@id\":\"https:\\\/\\\/blogit.lab.fi\\\/labfocus\\\/aani-ja-videojulkaisut\\\/#breadcrumb\"},\"inLanguage\":\"fi\",\"potentialAction\":[{\"@type\":\"ReadAction\",\"target\":[\"https:\\\/\\\/blogit.lab.fi\\\/labfocus\\\/aani-ja-videojulkaisut\\\/\"]}]},{\"@type\":\"BreadcrumbList\",\"@id\":\"https:\\\/\\\/blogit.lab.fi\\\/labfocus\\\/aani-ja-videojulkaisut\\\/#breadcrumb\",\"itemListElement\":[{\"@type\":\"ListItem\",\"position\":1,\"name\":\"Home\",\"item\":\"https:\\\/\\\/blogit.lab.fi\\\/labfocus\\\/\"},{\"@type\":\"ListItem\",\"position\":2,\"name\":\"\u00c4\u00e4ni- ja videojulkaisut\"}]},{\"@type\":\"WebSite\",\"@id\":\"https:\\\/\\\/blogit.lab.fi\\\/labfocus\\\/#website\",\"url\":\"https:\\\/\\\/blogit.lab.fi\\\/labfocus\\\/\",\"name\":\"LAB Focus\",\"description\":\"Focus Area blog | LAB University of Applied Sciences\",\"publisher\":{\"@id\":\"https:\\\/\\\/blogit.lab.fi\\\/labfocus\\\/#organization\"},\"potentialAction\":[{\"@type\":\"SearchAction\",\"target\":{\"@type\":\"EntryPoint\",\"urlTemplate\":\"https:\\\/\\\/blogit.lab.fi\\\/labfocus\\\/?s={search_term_string}\"},\"query-input\":{\"@type\":\"PropertyValueSpecification\",\"valueRequired\":true,\"valueName\":\"search_term_string\"}}],\"inLanguage\":\"fi\"},{\"@type\":\"Organization\",\"@id\":\"https:\\\/\\\/blogit.lab.fi\\\/labfocus\\\/#organization\",\"name\":\"LAB Focus\",\"url\":\"https:\\\/\\\/blogit.lab.fi\\\/labfocus\\\/\",\"logo\":{\"@type\":\"ImageObject\",\"inLanguage\":\"fi\",\"@id\":\"https:\\\/\\\/blogit.lab.fi\\\/labfocus\\\/#\\\/schema\\\/logo\\\/image\\\/\",\"url\":\"https:\\\/\\\/blogit.lab.fi\\\/labfocus\\\/wp-content\\\/uploads\\\/sites\\\/8\\\/2020\\\/04\\\/cropped-cropped-tunnus_blogi-01.png\",\"contentUrl\":\"https:\\\/\\\/blogit.lab.fi\\\/labfocus\\\/wp-content\\\/uploads\\\/sites\\\/8\\\/2020\\\/04\\\/cropped-cropped-tunnus_blogi-01.png\",\"width\":1342,\"height\":288,\"caption\":\"LAB Focus\"},\"image\":{\"@id\":\"https:\\\/\\\/blogit.lab.fi\\\/labfocus\\\/#\\\/schema\\\/logo\\\/image\\\/\"},\"sameAs\":[\"https:\\\/\\\/x.com\\\/LABfinland\"]}]}<\/script>\n<!-- \/ Yoast SEO plugin. -->","yoast_head_json":{"title":"\u00c4\u00e4ni- ja videojulkaisut - LAB Focus","robots":{"index":"index","follow":"follow","max-snippet":"max-snippet:-1","max-image-preview":"max-image-preview:large","max-video-preview":"max-video-preview:-1"},"canonical":"https:\/\/blogit.lab.fi\/labfocus\/aani-ja-videojulkaisut\/","og_locale":"fi_FI","og_type":"article","og_title":"\u00c4\u00e4ni- ja videojulkaisut - LAB Focus","og_description":"LAB Focus -blogi tarjoaa my\u00f6s mahdollisuuden \u00e4\u00e4ni- ja videoteosten julkaisuun. Toimituskunta k\u00e4y l\u00e4pi kaikki ehdotukset ja p\u00e4\u00e4tt\u00e4\u00e4 julkaisusta mik\u00e4li teokset t\u00e4ytt\u00e4v\u00e4t annetut kriteerit. LAB Focus YouTube -kanavalla julkaistaan LAB-ammattikorkeakoulun tutkimus-, kehitt\u00e4mis- ja innovaatiotoiminnan tuloksena syntyneit\u00e4 videoita. LAB Focus SoundCloud -kanavalla julkaistaan LAB-ammattikorkeakoulun tutkimus-, kehitt\u00e4mis- ja innovaatiotoiminnan tuloksena syntyneit\u00e4 podcasteja. HUOM! Julkaisuprosessiin kuluu aikaa noin 2-3 [&hellip;]","og_url":"https:\/\/blogit.lab.fi\/labfocus\/aani-ja-videojulkaisut\/","og_site_name":"LAB Focus","article_modified_time":"2025-06-15T17:15:58+00:00","twitter_card":"summary_large_image","twitter_site":"@LABfinland","twitter_misc":{"Arvioitu lukuaika":"1 minuutti"},"schema":{"@context":"https:\/\/schema.org","@graph":[{"@type":"WebPage","@id":"https:\/\/blogit.lab.fi\/labfocus\/aani-ja-videojulkaisut\/","url":"https:\/\/blogit.lab.fi\/labfocus\/aani-ja-videojulkaisut\/","name":"\u00c4\u00e4ni- ja videojulkaisut - LAB Focus","isPartOf":{"@id":"https:\/\/blogit.lab.fi\/labfocus\/#website"},"datePublished":"2020-05-08T11:33:57+00:00","dateModified":"2025-06-15T17:15:58+00:00","breadcrumb":{"@id":"https:\/\/blogit.lab.fi\/labfocus\/aani-ja-videojulkaisut\/#breadcrumb"},"inLanguage":"fi","potentialAction":[{"@type":"ReadAction","target":["https:\/\/blogit.lab.fi\/labfocus\/aani-ja-videojulkaisut\/"]}]},{"@type":"BreadcrumbList","@id":"https:\/\/blogit.lab.fi\/labfocus\/aani-ja-videojulkaisut\/#breadcrumb","itemListElement":[{"@type":"ListItem","position":1,"name":"Home","item":"https:\/\/blogit.lab.fi\/labfocus\/"},{"@type":"ListItem","position":2,"name":"\u00c4\u00e4ni- ja videojulkaisut"}]},{"@type":"WebSite","@id":"https:\/\/blogit.lab.fi\/labfocus\/#website","url":"https:\/\/blogit.lab.fi\/labfocus\/","name":"LAB Focus","description":"Focus Area blog | LAB University of Applied Sciences","publisher":{"@id":"https:\/\/blogit.lab.fi\/labfocus\/#organization"},"potentialAction":[{"@type":"SearchAction","target":{"@type":"EntryPoint","urlTemplate":"https:\/\/blogit.lab.fi\/labfocus\/?s={search_term_string}"},"query-input":{"@type":"PropertyValueSpecification","valueRequired":true,"valueName":"search_term_string"}}],"inLanguage":"fi"},{"@type":"Organization","@id":"https:\/\/blogit.lab.fi\/labfocus\/#organization","name":"LAB Focus","url":"https:\/\/blogit.lab.fi\/labfocus\/","logo":{"@type":"ImageObject","inLanguage":"fi","@id":"https:\/\/blogit.lab.fi\/labfocus\/#\/schema\/logo\/image\/","url":"https:\/\/blogit.lab.fi\/labfocus\/wp-content\/uploads\/sites\/8\/2020\/04\/cropped-cropped-tunnus_blogi-01.png","contentUrl":"https:\/\/blogit.lab.fi\/labfocus\/wp-content\/uploads\/sites\/8\/2020\/04\/cropped-cropped-tunnus_blogi-01.png","width":1342,"height":288,"caption":"LAB Focus"},"image":{"@id":"https:\/\/blogit.lab.fi\/labfocus\/#\/schema\/logo\/image\/"},"sameAs":["https:\/\/x.com\/LABfinland"]}]}},"_links":{"self":[{"href":"https:\/\/blogit.lab.fi\/labfocus\/wp-json\/wp\/v2\/pages\/755","targetHints":{"allow":["GET"]}}],"collection":[{"href":"https:\/\/blogit.lab.fi\/labfocus\/wp-json\/wp\/v2\/pages"}],"about":[{"href":"https:\/\/blogit.lab.fi\/labfocus\/wp-json\/wp\/v2\/types\/page"}],"author":[{"embeddable":true,"href":"https:\/\/blogit.lab.fi\/labfocus\/wp-json\/wp\/v2\/users\/6"}],"replies":[{"embeddable":true,"href":"https:\/\/blogit.lab.fi\/labfocus\/wp-json\/wp\/v2\/comments?post=755"}],"version-history":[{"count":23,"href":"https:\/\/blogit.lab.fi\/labfocus\/wp-json\/wp\/v2\/pages\/755\/revisions"}],"predecessor-version":[{"id":24715,"href":"https:\/\/blogit.lab.fi\/labfocus\/wp-json\/wp\/v2\/pages\/755\/revisions\/24715"}],"wp:attachment":[{"href":"https:\/\/blogit.lab.fi\/labfocus\/wp-json\/wp\/v2\/media?parent=755"}],"curies":[{"name":"wp","href":"https:\/\/api.w.org\/{rel}","templated":true}]}}