{"id":997,"date":"2020-05-19T10:23:51","date_gmt":"2020-05-19T07:23:51","guid":{"rendered":"https:\/\/blogit.lab.fi\/labfocus\/?page_id=997"},"modified":"2022-08-03T21:11:33","modified_gmt":"2022-08-03T18:11:33","slug":"julkaise-blogissa","status":"publish","type":"page","link":"https:\/\/blogit.lab.fi\/labfocus\/julkaise-blogissa\/","title":{"rendered":"Julkaise blogissa"},"content":{"rendered":"\n<p>LAB Focus blogin kautta on mahdollista julkaista artikkeleita, videoita sek\u00e4 podcasteja. Tutustu ohjeisiin hyvin ennen julkaisun l\u00e4hett\u00e4mmist\u00e4 arvioitavaksi. <\/p>\n\n\n\n<ul class=\"wp-block-list\"><li><a href=\"https:\/\/blogit.lab.fi\/labfocus\/kirjoittajalle\/\">Kirjoittajalle<\/a><\/li><li><a href=\"https:\/\/blogit.lab.fi\/labfocus\/aani-ja-videojulkaisut\/\">\u00c4\u00e4ni- ja videojulkaisut<\/a><\/li><\/ul>\n\n\n\n<p class=\"has-background\" style=\"background-color:#b3edfb\">Blogien julkaisuprosessiin kuluu aikaa noin 2-3 viikkoa. Sujuvan prosessin varmistat toimittamalla vain <a href=\"https:\/\/blogit.lab.fi\/labfocus\/wp-content\/uploads\/sites\/8\/2020\/08\/Kirjoittajaohje_blogi_LAB-Focus_2020.pdf\" target=\"_blank\" rel=\"noreferrer noopener\">ohjeen<\/a> mukaisia tekstej\u00e4 tarkistukseen. <\/p>\n\n\n\n<p><\/p>\n\n\n\n<p><\/p>\n","protected":false},"excerpt":{"rendered":"<p>LAB Focus blogin kautta on mahdollista julkaista artikkeleita, videoita sek\u00e4 podcasteja. Tutustu ohjeisiin hyvin ennen julkaisun l\u00e4hett\u00e4mmist\u00e4 arvioitavaksi. Kirjoittajalle \u00c4\u00e4ni- ja videojulkaisut Blogien julkaisuprosessiin kuluu aikaa noin 2-3 viikkoa. Sujuvan prosessin varmistat toimittamalla vain ohjeen mukaisia tekstej\u00e4 tarkistukseen.<\/p>\n","protected":false},"author":6,"featured_media":0,"parent":0,"menu_order":0,"comment_status":"closed","ping_status":"closed","template":"","meta":{"footnotes":""},"class_list":["post-997","page","type-page","status-publish","czr-hentry"],"yoast_head":"<!-- This site is optimized with the Yoast SEO plugin v27.4 - https:\/\/yoast.com\/product\/yoast-seo-wordpress\/ -->\n<title>Julkaise blogissa - LAB Focus<\/title>\n<meta name=\"robots\" content=\"index, follow, max-snippet:-1, max-image-preview:large, max-video-preview:-1\" \/>\n<link rel=\"canonical\" href=\"https:\/\/blogit.lab.fi\/labfocus\/julkaise-blogissa\/\" \/>\n<meta property=\"og:locale\" content=\"fi_FI\" \/>\n<meta property=\"og:type\" content=\"article\" \/>\n<meta property=\"og:title\" content=\"Julkaise blogissa - LAB Focus\" \/>\n<meta property=\"og:description\" content=\"LAB Focus blogin kautta on mahdollista julkaista artikkeleita, videoita sek\u00e4 podcasteja. Tutustu ohjeisiin hyvin ennen julkaisun l\u00e4hett\u00e4mmist\u00e4 arvioitavaksi. Kirjoittajalle \u00c4\u00e4ni- ja videojulkaisut Blogien julkaisuprosessiin kuluu aikaa noin 2-3 viikkoa. Sujuvan prosessin varmistat toimittamalla vain ohjeen mukaisia tekstej\u00e4 tarkistukseen.\" \/>\n<meta property=\"og:url\" content=\"https:\/\/blogit.lab.fi\/labfocus\/julkaise-blogissa\/\" \/>\n<meta property=\"og:site_name\" content=\"LAB Focus\" \/>\n<meta property=\"article:modified_time\" content=\"2022-08-03T18:11:33+00:00\" \/>\n<meta name=\"twitter:card\" content=\"summary_large_image\" \/>\n<meta name=\"twitter:site\" content=\"@LABfinland\" \/>\n<meta name=\"twitter:label1\" content=\"Arvioitu lukuaika\" \/>\n\t<meta name=\"twitter:data1\" content=\"1 minuutti\" \/>\n<script type=\"application\/ld+json\" class=\"yoast-schema-graph\">{\"@context\":\"https:\\\/\\\/schema.org\",\"@graph\":[{\"@type\":\"WebPage\",\"@id\":\"https:\\\/\\\/blogit.lab.fi\\\/labfocus\\\/julkaise-blogissa\\\/\",\"url\":\"https:\\\/\\\/blogit.lab.fi\\\/labfocus\\\/julkaise-blogissa\\\/\",\"name\":\"Julkaise blogissa - LAB Focus\",\"isPartOf\":{\"@id\":\"https:\\\/\\\/blogit.lab.fi\\\/labfocus\\\/#website\"},\"datePublished\":\"2020-05-19T07:23:51+00:00\",\"dateModified\":\"2022-08-03T18:11:33+00:00\",\"breadcrumb\":{\"@id\":\"https:\\\/\\\/blogit.lab.fi\\\/labfocus\\\/julkaise-blogissa\\\/#breadcrumb\"},\"inLanguage\":\"fi\",\"potentialAction\":[{\"@type\":\"ReadAction\",\"target\":[\"https:\\\/\\\/blogit.lab.fi\\\/labfocus\\\/julkaise-blogissa\\\/\"]}]},{\"@type\":\"BreadcrumbList\",\"@id\":\"https:\\\/\\\/blogit.lab.fi\\\/labfocus\\\/julkaise-blogissa\\\/#breadcrumb\",\"itemListElement\":[{\"@type\":\"ListItem\",\"position\":1,\"name\":\"Home\",\"item\":\"https:\\\/\\\/blogit.lab.fi\\\/labfocus\\\/\"},{\"@type\":\"ListItem\",\"position\":2,\"name\":\"Julkaise blogissa\"}]},{\"@type\":\"WebSite\",\"@id\":\"https:\\\/\\\/blogit.lab.fi\\\/labfocus\\\/#website\",\"url\":\"https:\\\/\\\/blogit.lab.fi\\\/labfocus\\\/\",\"name\":\"LAB Focus\",\"description\":\"Focus Area blog | LAB University of Applied Sciences\",\"publisher\":{\"@id\":\"https:\\\/\\\/blogit.lab.fi\\\/labfocus\\\/#organization\"},\"potentialAction\":[{\"@type\":\"SearchAction\",\"target\":{\"@type\":\"EntryPoint\",\"urlTemplate\":\"https:\\\/\\\/blogit.lab.fi\\\/labfocus\\\/?s={search_term_string}\"},\"query-input\":{\"@type\":\"PropertyValueSpecification\",\"valueRequired\":true,\"valueName\":\"search_term_string\"}}],\"inLanguage\":\"fi\"},{\"@type\":\"Organization\",\"@id\":\"https:\\\/\\\/blogit.lab.fi\\\/labfocus\\\/#organization\",\"name\":\"LAB Focus\",\"url\":\"https:\\\/\\\/blogit.lab.fi\\\/labfocus\\\/\",\"logo\":{\"@type\":\"ImageObject\",\"inLanguage\":\"fi\",\"@id\":\"https:\\\/\\\/blogit.lab.fi\\\/labfocus\\\/#\\\/schema\\\/logo\\\/image\\\/\",\"url\":\"https:\\\/\\\/blogit.lab.fi\\\/labfocus\\\/wp-content\\\/uploads\\\/sites\\\/8\\\/2020\\\/04\\\/cropped-cropped-tunnus_blogi-01.png\",\"contentUrl\":\"https:\\\/\\\/blogit.lab.fi\\\/labfocus\\\/wp-content\\\/uploads\\\/sites\\\/8\\\/2020\\\/04\\\/cropped-cropped-tunnus_blogi-01.png\",\"width\":1342,\"height\":288,\"caption\":\"LAB Focus\"},\"image\":{\"@id\":\"https:\\\/\\\/blogit.lab.fi\\\/labfocus\\\/#\\\/schema\\\/logo\\\/image\\\/\"},\"sameAs\":[\"https:\\\/\\\/x.com\\\/LABfinland\"]}]}<\/script>\n<!-- \/ Yoast SEO plugin. -->","yoast_head_json":{"title":"Julkaise blogissa - LAB Focus","robots":{"index":"index","follow":"follow","max-snippet":"max-snippet:-1","max-image-preview":"max-image-preview:large","max-video-preview":"max-video-preview:-1"},"canonical":"https:\/\/blogit.lab.fi\/labfocus\/julkaise-blogissa\/","og_locale":"fi_FI","og_type":"article","og_title":"Julkaise blogissa - LAB Focus","og_description":"LAB Focus blogin kautta on mahdollista julkaista artikkeleita, videoita sek\u00e4 podcasteja. Tutustu ohjeisiin hyvin ennen julkaisun l\u00e4hett\u00e4mmist\u00e4 arvioitavaksi. Kirjoittajalle \u00c4\u00e4ni- ja videojulkaisut Blogien julkaisuprosessiin kuluu aikaa noin 2-3 viikkoa. Sujuvan prosessin varmistat toimittamalla vain ohjeen mukaisia tekstej\u00e4 tarkistukseen.","og_url":"https:\/\/blogit.lab.fi\/labfocus\/julkaise-blogissa\/","og_site_name":"LAB Focus","article_modified_time":"2022-08-03T18:11:33+00:00","twitter_card":"summary_large_image","twitter_site":"@LABfinland","twitter_misc":{"Arvioitu lukuaika":"1 minuutti"},"schema":{"@context":"https:\/\/schema.org","@graph":[{"@type":"WebPage","@id":"https:\/\/blogit.lab.fi\/labfocus\/julkaise-blogissa\/","url":"https:\/\/blogit.lab.fi\/labfocus\/julkaise-blogissa\/","name":"Julkaise blogissa - LAB Focus","isPartOf":{"@id":"https:\/\/blogit.lab.fi\/labfocus\/#website"},"datePublished":"2020-05-19T07:23:51+00:00","dateModified":"2022-08-03T18:11:33+00:00","breadcrumb":{"@id":"https:\/\/blogit.lab.fi\/labfocus\/julkaise-blogissa\/#breadcrumb"},"inLanguage":"fi","potentialAction":[{"@type":"ReadAction","target":["https:\/\/blogit.lab.fi\/labfocus\/julkaise-blogissa\/"]}]},{"@type":"BreadcrumbList","@id":"https:\/\/blogit.lab.fi\/labfocus\/julkaise-blogissa\/#breadcrumb","itemListElement":[{"@type":"ListItem","position":1,"name":"Home","item":"https:\/\/blogit.lab.fi\/labfocus\/"},{"@type":"ListItem","position":2,"name":"Julkaise blogissa"}]},{"@type":"WebSite","@id":"https:\/\/blogit.lab.fi\/labfocus\/#website","url":"https:\/\/blogit.lab.fi\/labfocus\/","name":"LAB Focus","description":"Focus Area blog | LAB University of Applied Sciences","publisher":{"@id":"https:\/\/blogit.lab.fi\/labfocus\/#organization"},"potentialAction":[{"@type":"SearchAction","target":{"@type":"EntryPoint","urlTemplate":"https:\/\/blogit.lab.fi\/labfocus\/?s={search_term_string}"},"query-input":{"@type":"PropertyValueSpecification","valueRequired":true,"valueName":"search_term_string"}}],"inLanguage":"fi"},{"@type":"Organization","@id":"https:\/\/blogit.lab.fi\/labfocus\/#organization","name":"LAB Focus","url":"https:\/\/blogit.lab.fi\/labfocus\/","logo":{"@type":"ImageObject","inLanguage":"fi","@id":"https:\/\/blogit.lab.fi\/labfocus\/#\/schema\/logo\/image\/","url":"https:\/\/blogit.lab.fi\/labfocus\/wp-content\/uploads\/sites\/8\/2020\/04\/cropped-cropped-tunnus_blogi-01.png","contentUrl":"https:\/\/blogit.lab.fi\/labfocus\/wp-content\/uploads\/sites\/8\/2020\/04\/cropped-cropped-tunnus_blogi-01.png","width":1342,"height":288,"caption":"LAB Focus"},"image":{"@id":"https:\/\/blogit.lab.fi\/labfocus\/#\/schema\/logo\/image\/"},"sameAs":["https:\/\/x.com\/LABfinland"]}]}},"_links":{"self":[{"href":"https:\/\/blogit.lab.fi\/labfocus\/wp-json\/wp\/v2\/pages\/997","targetHints":{"allow":["GET"]}}],"collection":[{"href":"https:\/\/blogit.lab.fi\/labfocus\/wp-json\/wp\/v2\/pages"}],"about":[{"href":"https:\/\/blogit.lab.fi\/labfocus\/wp-json\/wp\/v2\/types\/page"}],"author":[{"embeddable":true,"href":"https:\/\/blogit.lab.fi\/labfocus\/wp-json\/wp\/v2\/users\/6"}],"replies":[{"embeddable":true,"href":"https:\/\/blogit.lab.fi\/labfocus\/wp-json\/wp\/v2\/comments?post=997"}],"version-history":[{"count":11,"href":"https:\/\/blogit.lab.fi\/labfocus\/wp-json\/wp\/v2\/pages\/997\/revisions"}],"predecessor-version":[{"id":9367,"href":"https:\/\/blogit.lab.fi\/labfocus\/wp-json\/wp\/v2\/pages\/997\/revisions\/9367"}],"wp:attachment":[{"href":"https:\/\/blogit.lab.fi\/labfocus\/wp-json\/wp\/v2\/media?parent=997"}],"curies":[{"name":"wp","href":"https:\/\/api.w.org\/{rel}","templated":true}]}}