{"id":43,"date":"2020-02-19T12:01:08","date_gmt":"2020-02-19T12:01:08","guid":{"rendered":"https:\/\/blogit.lab.fi\/sustainability\/?page_id=43"},"modified":"2020-04-09T08:39:07","modified_gmt":"2020-04-09T08:39:07","slug":"kirjoittajalle","status":"publish","type":"page","link":"https:\/\/blogit.lab.fi\/sustainability\/kirjoittajalle\/","title":{"rendered":"Kirjoittajalle"},"content":{"rendered":"\n<p>Sustainability-blogissa julkaistaan tekstej\u00e4 LAB-ammattikorkeakoulun kiertotalouden vahvuusalueen kehitt\u00e4mistoiminnasta. Tekstien lis\u00e4ksi blogin kautta on mahdollista julkaista my\u00f6s podcasteja sek\u00e4 videoita. <\/p>\n\n\n\n<p>Siirry seuraavaksi <a rel=\"noreferrer noopener\" aria-label=\"Kirjoittajaohjeeseen (avautuu uudessa v\u00e4lilehdess\u00e4)\" href=\"https:\/\/blogit.lab.fi\/sustainability\/kirjoittajaohje\/\" target=\"_blank\">kirjoittajaohjeeseen<\/a> tutustuaksesi tarkemmin blogikirjoittamiseen. <\/p>\n\n\n\n<ul class=\"wp-block-list\"><li><a rel=\"noreferrer noopener\" aria-label=\"Kirjoittajaohje (avautuu uudessa v\u00e4lilehdess\u00e4)\" href=\"https:\/\/blogit.lab.fi\/sustainability\/kirjoittajaohje\/\" target=\"_blank\">Kirjoittajaohje<\/a><\/li><li><a rel=\"noreferrer noopener\" aria-label=\"Videojulkaisujen ohje (pdf) (avautuu uudessa v\u00e4lilehdess\u00e4)\" href=\"https:\/\/blogit.lab.fi\/sustainability\/wp-content\/uploads\/sites\/2\/2020\/04\/Videojulkaisujen-ohje_Sustainability-YouTube_2020.pdf\" target=\"_blank\">Videojulkaisujen ohje (pdf)<\/a> <\/li><li><a href=\"https:\/\/blogit.lab.fi\/sustainability\/wp-content\/uploads\/sites\/2\/2020\/04\/Podcast-ohje_Sustainability-blogi_2020.pdf\" target=\"_blank\" rel=\"noreferrer noopener\" aria-label=\"Podcast ohje (pdf) (avautuu uudessa v\u00e4lilehdess\u00e4)\">Podcast ohje (pdf)<\/a><\/li><li><a rel=\"noreferrer noopener\" aria-label=\"Toimituskunta (avautuu uudessa v\u00e4lilehdess\u00e4)\" href=\"https:\/\/blogit.lab.fi\/sustainability\/toimituskunta\/\" target=\"_blank\">Toimituskunta<\/a><\/li><li><a rel=\"noreferrer noopener\" aria-label=\"Julkaisutyyppi (avautuu uudessa v\u00e4lilehdess\u00e4)\" href=\"https:\/\/blogit.lab.fi\/sustainability\/julkaisutyyppi\/\" target=\"_blank\">Julkaisutyyppi<\/a><\/li><li><a rel=\"noreferrer noopener\" aria-label=\"Julkaisupalkkiot 2020 (avautuu uudessa v\u00e4lilehdess\u00e4)\" href=\"https:\/\/lut.sharepoint.com\/sites\/lamk\/intranet\/Documents%20%20staff\/Julkaisupalkkiot%20vuodelle%202020.pdf#search=julkaisupalkkio\" target=\"_blank\">Julkaisupalkkiot 2020<\/a><\/li><\/ul>\n","protected":false},"excerpt":{"rendered":"<p>Sustainability-blogissa julkaistaan tekstej\u00e4 LAB-ammattikorkeakoulun kiertotalouden vahvuusalueen kehitt\u00e4mistoiminnasta. Tekstien lis\u00e4ksi blogin kautta on mahdollista julkaista my\u00f6s podcasteja sek\u00e4 videoita. Siirry seuraavaksi kirjoittajaohjeeseen tutustuaksesi tarkemmin blogikirjoittamiseen. Kirjoittajaohje Videojulkaisujen ohje (pdf) Podcast ohje (pdf) Toimituskunta Julkaisutyyppi Julkaisupalkkiot 2020<\/p>\n","protected":false},"author":6,"featured_media":0,"parent":0,"menu_order":0,"comment_status":"closed","ping_status":"closed","template":"","meta":{"footnotes":""},"class_list":["post-43","page","type-page","status-publish","czr-hentry"],"_links":{"self":[{"href":"https:\/\/blogit.lab.fi\/sustainability\/wp-json\/wp\/v2\/pages\/43","targetHints":{"allow":["GET"]}}],"collection":[{"href":"https:\/\/blogit.lab.fi\/sustainability\/wp-json\/wp\/v2\/pages"}],"about":[{"href":"https:\/\/blogit.lab.fi\/sustainability\/wp-json\/wp\/v2\/types\/page"}],"author":[{"embeddable":true,"href":"https:\/\/blogit.lab.fi\/sustainability\/wp-json\/wp\/v2\/users\/6"}],"replies":[{"embeddable":true,"href":"https:\/\/blogit.lab.fi\/sustainability\/wp-json\/wp\/v2\/comments?post=43"}],"version-history":[{"count":11,"href":"https:\/\/blogit.lab.fi\/sustainability\/wp-json\/wp\/v2\/pages\/43\/revisions"}],"predecessor-version":[{"id":340,"href":"https:\/\/blogit.lab.fi\/sustainability\/wp-json\/wp\/v2\/pages\/43\/revisions\/340"}],"wp:attachment":[{"href":"https:\/\/blogit.lab.fi\/sustainability\/wp-json\/wp\/v2\/media?parent=43"}],"curies":[{"name":"wp","href":"https:\/\/api.w.org\/{rel}","templated":true}]}}