{"id":50,"date":"2020-02-19T12:07:03","date_gmt":"2020-02-19T12:07:03","guid":{"rendered":"https:\/\/blogit.lab.fi\/sustainability\/?page_id=50"},"modified":"2020-05-13T06:20:37","modified_gmt":"2020-05-13T06:20:37","slug":"kirjoittajaohje","status":"publish","type":"page","link":"https:\/\/blogit.lab.fi\/sustainability\/kirjoittajaohje\/","title":{"rendered":"Kirjoittajaohje"},"content":{"rendered":"<p>\n<!--StartFragment--><\/p>\n\n\n<p>Haluatko kirjoittaa Sustainability-blogiin?&nbsp;Tutustu <a href=\"https:\/\/blogit.lab.fi\/sustainability\/wp-content\/uploads\/sites\/2\/2020\/04\/Kirjoittajaohje_blogi_Sustainability_2020.pdf\" target=\"_blank\" rel=\"noreferrer noopener\" aria-label=\"kirjoittajaohjeeseen (pdf) (avautuu uudessa v\u00e4lilehdess\u00e4)\">kirjoittajaohjeeseen (pdf)<\/a>,&nbsp;josta l\u00f6yd\u00e4t my\u00f6s esimerkkej\u00e4. Huomioithan, ett\u00e4 toimituskunta&nbsp;tarkastaa tekstit ennen julkaisuun hyv\u00e4ksymist\u00e4 ja voi pyyt\u00e4\u00e4 tekstiin muutoksia.<\/p>\n\n\n\n<p>Blogissa julkaistaan p\u00e4\u00e4s\u00e4\u00e4nt\u00f6isesti <a rel=\"noreferrer noopener\" aria-label=\"julkaisutyypin E1 (avautuu uudessa v\u00e4lilehdess\u00e4)\" href=\"https:\/\/blogit.lab.fi\/sustainability\/julkaisutyyppi\/\" target=\"_blank\">julkaisutyypin E1<\/a> mukaisia artikkeleita. Videoiden ja podcastien ohjeisiin p\u00e4\u00e4set tutustumaan <a rel=\"noreferrer noopener\" aria-label=\"t\u00e4\u00e4lt\u00e4 (avautuu uudessa v\u00e4lilehdess\u00e4)\" href=\"https:\/\/blogit.lab.fi\/sustainability\/kirjoittajalle\/\" target=\"_blank\">t\u00e4\u00e4lt\u00e4<\/a>. <\/p>\n\n\n\n<h3 class=\"wp-block-heading\">Pikaohjeet:<\/h3>\n\n\n\n<ul class=\"wp-block-list\"><li>Tekstin pituus:\u00a0max 3000\u00a0merkki\u00e4 ml. v\u00e4lit (ilman l\u00e4hdeluetteloa ja kirjoittajaesittely\u00e4)<\/li><li>Otsikot: Keksi tekstille\u00a0yl\u00e4otsikko ja 1-3 alaotsikkoa<\/li><li>Kuvitus: V\u00e4hint\u00e4\u00e4n 1 vaakakuvaa 1280&#215;640 px, jonka lis\u00e4ksi 1-2 kuvaa tai videota, joiden k\u00e4ytt\u00f6\u00f6n sinulla on lupa<\/li><li>Kuvatekstit: Kerro, miten kuva\/video liittyy tekstiin, lis\u00e4\u00e4 kuvaajan nimi tai julkaisijatiedot<\/li><li>Viittaukset: Asiantuntijateksteiss\u00e4 viittaukset ovat toivottavia ja ne tehd\u00e4\u00e4n <a href=\"http:\/\/libguides.lamk.fi\/julkaisijalle\/viittaaminen\">Harvardin j\u00e4rjestelm\u00e4n<\/a> mukaan<\/li><li>Kirjoittajakuvaus: Merkitse loppuun kirjoittajan nimi sek\u00e4 1-2 lausetta henkil\u00f6n liittymisest\u00e4 tekstin sis\u00e4lt\u00f6\u00f6n<\/li><li>L\u00e4het\u00e4 artikkeliehdotus <a href=\"mailto:labfocus@lab.fi\">s\u00e4hk\u00f6postilla<\/a><\/li><\/ul>\n\n\n<p><!--EndFragment--><\/p>","protected":false},"excerpt":{"rendered":"<p>Haluatko kirjoittaa Sustainability-blogiin?&nbsp;Tutustu kirjoittajaohjeeseen (pdf),&nbsp;josta l\u00f6yd\u00e4t my\u00f6s esimerkkej\u00e4. Huomioithan, ett\u00e4 toimituskunta&nbsp;tarkastaa tekstit ennen julkaisuun hyv\u00e4ksymist\u00e4 ja voi pyyt\u00e4\u00e4 tekstiin muutoksia. Blogissa julkaistaan p\u00e4\u00e4s\u00e4\u00e4nt\u00f6isesti julkaisutyypin E1 mukaisia artikkeleita. Videoiden ja podcastien ohjeisiin p\u00e4\u00e4set tutustumaan t\u00e4\u00e4lt\u00e4. Pikaohjeet: Tekstin pituus:\u00a0max 3000\u00a0merkki\u00e4 ml. v\u00e4lit (ilman l\u00e4hdeluetteloa ja kirjoittajaesittely\u00e4) Otsikot: Keksi tekstille\u00a0yl\u00e4otsikko ja 1-3 alaotsikkoa Kuvitus: V\u00e4hint\u00e4\u00e4n 1 vaakakuvaa 1280&#215;640 [&hellip;]<\/p>\n","protected":false},"author":6,"featured_media":0,"parent":0,"menu_order":0,"comment_status":"closed","ping_status":"closed","template":"","meta":{"footnotes":""},"class_list":["post-50","page","type-page","status-publish","czr-hentry"],"_links":{"self":[{"href":"https:\/\/blogit.lab.fi\/sustainability\/wp-json\/wp\/v2\/pages\/50","targetHints":{"allow":["GET"]}}],"collection":[{"href":"https:\/\/blogit.lab.fi\/sustainability\/wp-json\/wp\/v2\/pages"}],"about":[{"href":"https:\/\/blogit.lab.fi\/sustainability\/wp-json\/wp\/v2\/types\/page"}],"author":[{"embeddable":true,"href":"https:\/\/blogit.lab.fi\/sustainability\/wp-json\/wp\/v2\/users\/6"}],"replies":[{"embeddable":true,"href":"https:\/\/blogit.lab.fi\/sustainability\/wp-json\/wp\/v2\/comments?post=50"}],"version-history":[{"count":10,"href":"https:\/\/blogit.lab.fi\/sustainability\/wp-json\/wp\/v2\/pages\/50\/revisions"}],"predecessor-version":[{"id":352,"href":"https:\/\/blogit.lab.fi\/sustainability\/wp-json\/wp\/v2\/pages\/50\/revisions\/352"}],"wp:attachment":[{"href":"https:\/\/blogit.lab.fi\/sustainability\/wp-json\/wp\/v2\/media?parent=50"}],"curies":[{"name":"wp","href":"https:\/\/api.w.org\/{rel}","templated":true}]}}