{"id":87,"date":"2020-02-21T08:38:09","date_gmt":"2020-02-21T08:38:09","guid":{"rendered":"https:\/\/blogit.lab.fi\/sustainability\/?page_id=87"},"modified":"2020-02-24T10:48:13","modified_gmt":"2020-02-24T10:48:13","slug":"julkaisutyyppi","status":"publish","type":"page","link":"https:\/\/blogit.lab.fi\/sustainability\/julkaisutyyppi\/","title":{"rendered":"Julkaisutyyppi"},"content":{"rendered":"\n<p>Blogissa julkaistujen artikkelien <a rel=\"noreferrer noopener\" aria-label=\"julkaisutyyppi (avautuu uudessa v\u00e4lilehdess\u00e4)\" href=\"https:\/\/www.helsinki.fi\/sites\/default\/files\/atoms\/files\/kansallinen_julkaisutyyppiluokittelu.pdf\" target=\"_blank\">julkaisutyyppi<\/a> on E1, poislukien uutiset, mainokset ja vinkit. E1 julkaisutyypin artikkelit tunnistata artikkeliin liitetyst\u00e4 avainsanasta &#8221;Artikkeli E1&#8221;. <\/p>\n\n\n\n<p>E1 tyypin artikkelit kerrytt\u00e4v\u00e4t ammattikorkeakoulun julkaisupisteit\u00e4 ja ne ilmoitetaan vuosittain Opetusministeri\u00f6lle. <\/p>\n\n\n\n<p>Ministeri\u00f6n julkaisutiedonkeruussa voi ilmoittaa blogi-kirjoituksen mik\u00e4li se t\u00e4ytt\u00e4\u00e4 seuraavat ehdot:<\/p>\n\n\n\n<ul class=\"wp-block-list\"><li>julkaisun tulee olla julkisesti kenen tahansa saatavilla<\/li><li>julkaisukanavalla tulee olla tekij\u00e4st\u00e4 riippumaton toimituskunta tai julkaisija, joka p\u00e4\u00e4tt\u00e4\u00e4 julkaisukanavalla julkaistavista julkaisuista<\/li><li>julkaisua ei ole aikaisemmin julkaistu tiedonkeruussa raportoitavassa muodossa<\/li><li>tekij\u00e4ll\u00e4 on yhteys organisaatioon<\/li><li>julkaisulla t\u00e4ytyy olla yhteys kirjoittajan ty\u00f6h\u00f6n, julkaisu perustuu tekij\u00e4n tutkimus- tai asiantuntijaty\u00f6h\u00f6n.<\/li><\/ul>\n","protected":false},"excerpt":{"rendered":"<p>Blogissa julkaistujen artikkelien julkaisutyyppi on E1, poislukien uutiset, mainokset ja vinkit. E1 julkaisutyypin artikkelit tunnistata artikkeliin liitetyst\u00e4 avainsanasta &#8221;Artikkeli E1&#8221;. E1 tyypin artikkelit kerrytt\u00e4v\u00e4t ammattikorkeakoulun julkaisupisteit\u00e4 ja ne ilmoitetaan vuosittain Opetusministeri\u00f6lle. Ministeri\u00f6n julkaisutiedonkeruussa voi ilmoittaa blogi-kirjoituksen mik\u00e4li se t\u00e4ytt\u00e4\u00e4 seuraavat ehdot: julkaisun tulee olla julkisesti kenen tahansa saatavilla julkaisukanavalla tulee olla tekij\u00e4st\u00e4 riippumaton toimituskunta tai [&hellip;]<\/p>\n","protected":false},"author":6,"featured_media":0,"parent":0,"menu_order":0,"comment_status":"closed","ping_status":"closed","template":"","meta":{"footnotes":""},"class_list":["post-87","page","type-page","status-publish","czr-hentry"],"_links":{"self":[{"href":"https:\/\/blogit.lab.fi\/sustainability\/wp-json\/wp\/v2\/pages\/87","targetHints":{"allow":["GET"]}}],"collection":[{"href":"https:\/\/blogit.lab.fi\/sustainability\/wp-json\/wp\/v2\/pages"}],"about":[{"href":"https:\/\/blogit.lab.fi\/sustainability\/wp-json\/wp\/v2\/types\/page"}],"author":[{"embeddable":true,"href":"https:\/\/blogit.lab.fi\/sustainability\/wp-json\/wp\/v2\/users\/6"}],"replies":[{"embeddable":true,"href":"https:\/\/blogit.lab.fi\/sustainability\/wp-json\/wp\/v2\/comments?post=87"}],"version-history":[{"count":1,"href":"https:\/\/blogit.lab.fi\/sustainability\/wp-json\/wp\/v2\/pages\/87\/revisions"}],"predecessor-version":[{"id":88,"href":"https:\/\/blogit.lab.fi\/sustainability\/wp-json\/wp\/v2\/pages\/87\/revisions\/88"}],"wp:attachment":[{"href":"https:\/\/blogit.lab.fi\/sustainability\/wp-json\/wp\/v2\/media?parent=87"}],"curies":[{"name":"wp","href":"https:\/\/api.w.org\/{rel}","templated":true}]}}